{"id":407,"date":"2024-06-12T17:58:33","date_gmt":"2024-06-12T14:58:33","guid":{"rendered":"https:\/\/ikincielkoltuktakimi.com\/esya\/?post_type=product&#038;p=407"},"modified":"2024-06-12T17:58:33","modified_gmt":"2024-06-12T14:58:33","slug":"spot-koltuk-takimi-ucuz-ve-garantili-teshir-koltuk-takimlari","status":"publish","type":"product","link":"https:\/\/ikincielkoltuktakimi.com\/esya\/urun\/spot-koltuk-takimi-ucuz-ve-garantili-teshir-koltuk-takimlari\/","title":{"rendered":"Spot koltuk tak\u0131m\u0131 ucuz ve garantili te\u015fhir koltuk tak\u0131mlar\u0131"},"content":{"rendered":"<div id=\"attachment_409\" style=\"width: 855px\" class=\"wp-caption aligncenter\"><img loading=\"lazy\" decoding=\"async\" aria-describedby=\"caption-attachment-409\" class=\"wp-image-409 size-full\" title=\"spot koltuk tak\u0131m\u0131\" src=\"https:\/\/ikincielkoltuktakimi.com\/esya\/wp-content\/uploads\/2024\/06\/spot-koltuk-takimi-1.png\" alt=\"\" width=\"845\" height=\"629\" srcset=\"https:\/\/ikincielkoltuktakimi.com\/esya\/wp-content\/uploads\/2024\/06\/spot-koltuk-takimi-1.png 845w, https:\/\/ikincielkoltuktakimi.com\/esya\/wp-content\/uploads\/2024\/06\/spot-koltuk-takimi-1-300x223.png 300w, https:\/\/ikincielkoltuktakimi.com\/esya\/wp-content\/uploads\/2024\/06\/spot-koltuk-takimi-1-768x572.png 768w, https:\/\/ikincielkoltuktakimi.com\/esya\/wp-content\/uploads\/2024\/06\/spot-koltuk-takimi-1-160x120.png 160w, https:\/\/ikincielkoltuktakimi.com\/esya\/wp-content\/uploads\/2024\/06\/spot-koltuk-takimi-1-600x447.png 600w\" sizes=\"auto, (max-width: 845px) 100vw, 845px\" \/><p id=\"caption-attachment-409\" class=\"wp-caption-text\">spot koltuk tak\u0131m\u0131<\/p><\/div>\n<p><img loading=\"lazy\" decoding=\"async\" class=\"aligncenter size-full wp-image-408\" src=\"https:\/\/ikincielkoltuktakimi.com\/esya\/wp-content\/uploads\/2024\/06\/spot-koltuk-takimi-2.png\" alt=\"\" width=\"1082\" height=\"626\" title=\"\" srcset=\"https:\/\/ikincielkoltuktakimi.com\/esya\/wp-content\/uploads\/2024\/06\/spot-koltuk-takimi-2.png 1082w, https:\/\/ikincielkoltuktakimi.com\/esya\/wp-content\/uploads\/2024\/06\/spot-koltuk-takimi-2-300x174.png 300w, https:\/\/ikincielkoltuktakimi.com\/esya\/wp-content\/uploads\/2024\/06\/spot-koltuk-takimi-2-1024x592.png 1024w, https:\/\/ikincielkoltuktakimi.com\/esya\/wp-content\/uploads\/2024\/06\/spot-koltuk-takimi-2-768x444.png 768w, https:\/\/ikincielkoltuktakimi.com\/esya\/wp-content\/uploads\/2024\/06\/spot-koltuk-takimi-2-600x347.png 600w\" sizes=\"auto, (max-width: 1082px) 100vw, 1082px\" \/><\/p>\n","protected":false},"excerpt":{"rendered":"<p>2.el koltuk tak\u0131m\u0131 sahibinden <strong>ikinci el koltuk tak\u0131m\u0131<\/strong> Y\u00fczlerce koltuk modelleri, yatak odalar\u0131 ve oturma odalar\u0131 Kilim Ma\u011fazalar\u0131nda Spot koltuk tak\u0131mlar\u0131 Fiyatlar\u0131 2 El koltuk tak\u0131m\u0131 Arayanlar Koltuk tak\u0131mlar\u0131, oturma odas\u0131 tak\u0131m\u0131, mobilya tak\u0131m\u0131, salon koltuk Sahibinden sat\u0131l\u0131k Koltuk Tak\u0131m\u0131<br \/>\nucuz koltuk tak\u0131m\u0131 En ucuz koltuk tak\u0131m\u0131 fiyatlar\u0131 3476 farkl\u0131 se\u00e7enekle ba\u015flayan f\u0131rsatlar\u0131 de\u011ferlendir, en iyi koltuk tak\u0131m\u0131 indirimlerini ka\u00e7\u0131rma!<\/p>\n","protected":false},"featured_media":408,"template":"","meta":[],"product_brand":[],"product_cat":[32],"product_tag":[34],"class_list":{"0":"post-407","1":"product","2":"type-product","3":"status-publish","4":"has-post-thumbnail","6":"product_cat-spot-koltuk-takimi","7":"product_tag-teshir-koltuk-takimi","9":"first","10":"instock","11":"sale","12":"shipping-taxable","13":"purchasable","14":"product-type-simple"},"_links":{"self":[{"href":"https:\/\/ikincielkoltuktakimi.com\/esya\/wp-json\/wp\/v2\/product\/407","targetHints":{"allow":["GET"]}}],"collection":[{"href":"https:\/\/ikincielkoltuktakimi.com\/esya\/wp-json\/wp\/v2\/product"}],"about":[{"href":"https:\/\/ikincielkoltuktakimi.com\/esya\/wp-json\/wp\/v2\/types\/product"}],"wp:featuredmedia":[{"embeddable":true,"href":"https:\/\/ikincielkoltuktakimi.com\/esya\/wp-json\/wp\/v2\/media\/408"}],"wp:attachment":[{"href":"https:\/\/ikincielkoltuktakimi.com\/esya\/wp-json\/wp\/v2\/media?parent=407"}],"wp:term":[{"taxonomy":"product_brand","embeddable":true,"href":"https:\/\/ikincielkoltuktakimi.com\/esya\/wp-json\/wp\/v2\/product_brand?post=407"},{"taxonomy":"product_cat","embeddable":true,"href":"https:\/\/ikincielkoltuktakimi.com\/esya\/wp-json\/wp\/v2\/product_cat?post=407"},{"taxonomy":"product_tag","embeddable":true,"href":"https:\/\/ikincielkoltuktakimi.com\/esya\/wp-json\/wp\/v2\/product_tag?post=407"}],"curies":[{"name":"wp","href":"https:\/\/api.w.org\/{rel}","templated":true}]}}