{"id":415,"date":"2024-06-14T16:30:18","date_gmt":"2024-06-14T13:30:18","guid":{"rendered":"https:\/\/ikincielkoltuktakimi.com\/esya\/?post_type=product&#038;p=415"},"modified":"2024-08-13T10:30:41","modified_gmt":"2024-08-13T07:30:41","slug":"sifir-ayarinda-temiz-ve-ucuz-ikinci-el-cekyat-kanepe","status":"publish","type":"product","link":"https:\/\/ikincielkoltuktakimi.com\/esya\/urun\/sifir-ayarinda-temiz-ve-ucuz-ikinci-el-cekyat-kanepe\/","title":{"rendered":"S\u0131f\u0131r ayar\u0131nda temiz ve ucuz ikinci el \u00e7ekyat kanepe"},"content":{"rendered":"<p><img loading=\"lazy\" decoding=\"async\" class=\"aligncenter size-full wp-image-416\" src=\"https:\/\/ikincielkoltuktakimi.com\/esya\/wp-content\/uploads\/2024\/06\/ikinci-el-cekyat-kanepe-1.png\" alt=\"\" width=\"761\" height=\"627\" title=\"\" srcset=\"https:\/\/ikincielkoltuktakimi.com\/esya\/wp-content\/uploads\/2024\/06\/ikinci-el-cekyat-kanepe-1.png 761w, https:\/\/ikincielkoltuktakimi.com\/esya\/wp-content\/uploads\/2024\/06\/ikinci-el-cekyat-kanepe-1-300x247.png 300w, https:\/\/ikincielkoltuktakimi.com\/esya\/wp-content\/uploads\/2024\/06\/ikinci-el-cekyat-kanepe-1-600x494.png 600w\" sizes=\"auto, (max-width: 761px) 100vw, 761px\" \/> <img loading=\"lazy\" decoding=\"async\" class=\"aligncenter size-full wp-image-417\" src=\"https:\/\/ikincielkoltuktakimi.com\/esya\/wp-content\/uploads\/2024\/06\/ikinci-el-cekyat-kanepe-2.png\" alt=\"\" width=\"1018\" height=\"626\" title=\"\" srcset=\"https:\/\/ikincielkoltuktakimi.com\/esya\/wp-content\/uploads\/2024\/06\/ikinci-el-cekyat-kanepe-2.png 1018w, https:\/\/ikincielkoltuktakimi.com\/esya\/wp-content\/uploads\/2024\/06\/ikinci-el-cekyat-kanepe-2-300x184.png 300w, https:\/\/ikincielkoltuktakimi.com\/esya\/wp-content\/uploads\/2024\/06\/ikinci-el-cekyat-kanepe-2-768x472.png 768w, https:\/\/ikincielkoltuktakimi.com\/esya\/wp-content\/uploads\/2024\/06\/ikinci-el-cekyat-kanepe-2-600x369.png 600w\" sizes=\"auto, (max-width: 1018px) 100vw, 1018px\" \/><\/p>\n","protected":false},"excerpt":{"rendered":"<p><strong>ikinci el \u00e7ekyat kanepe<\/strong> \u0130kinci el sat\u0131l\u0131k mobilyalar farkl\u0131 marka ve model ikinci el bellona \u00e7ekyat ikinci el ikea kanepe koltuk ikinci el istikbal Binlerce koltuk, dolap &amp; masa i\u00e7inden kendinize en \u00c7ekyat ile kanepe aras\u0131ndaki fark nedir? \u0130kinci el mobilya piyasas\u0131nda bir\u00e7ok uygun fiyatl\u0131 se\u00e7enek bulunabilir. \u00c7ekyat ve kanepe al\u0131\u015fveri\u015fi En rahat kanepe hangisi? 3 l\u00fc \u00e7ekyat ka\u00e7 cm?<\/p>\n","protected":false},"featured_media":417,"template":"","meta":[],"product_brand":[],"product_cat":[35],"product_tag":[37],"class_list":{"0":"post-415","1":"product","2":"type-product","3":"status-publish","4":"has-post-thumbnail","6":"product_cat-ikinci-el-cekyat-kanepe","7":"product_tag-ikinci-el-ikea-koltuk-takimi","9":"first","10":"instock","11":"sale","12":"shipping-taxable","13":"purchasable","14":"product-type-simple"},"_links":{"self":[{"href":"https:\/\/ikincielkoltuktakimi.com\/esya\/wp-json\/wp\/v2\/product\/415","targetHints":{"allow":["GET"]}}],"collection":[{"href":"https:\/\/ikincielkoltuktakimi.com\/esya\/wp-json\/wp\/v2\/product"}],"about":[{"href":"https:\/\/ikincielkoltuktakimi.com\/esya\/wp-json\/wp\/v2\/types\/product"}],"wp:featuredmedia":[{"embeddable":true,"href":"https:\/\/ikincielkoltuktakimi.com\/esya\/wp-json\/wp\/v2\/media\/417"}],"wp:attachment":[{"href":"https:\/\/ikincielkoltuktakimi.com\/esya\/wp-json\/wp\/v2\/media?parent=415"}],"wp:term":[{"taxonomy":"product_brand","embeddable":true,"href":"https:\/\/ikincielkoltuktakimi.com\/esya\/wp-json\/wp\/v2\/product_brand?post=415"},{"taxonomy":"product_cat","embeddable":true,"href":"https:\/\/ikincielkoltuktakimi.com\/esya\/wp-json\/wp\/v2\/product_cat?post=415"},{"taxonomy":"product_tag","embeddable":true,"href":"https:\/\/ikincielkoltuktakimi.com\/esya\/wp-json\/wp\/v2\/product_tag?post=415"}],"curies":[{"name":"wp","href":"https:\/\/api.w.org\/{rel}","templated":true}]}}