{"id":423,"date":"2024-06-14T16:38:05","date_gmt":"2024-06-14T13:38:05","guid":{"rendered":"https:\/\/ikincielkoltuktakimi.com\/esya\/?post_type=product&#038;p=423"},"modified":"2024-06-14T16:38:05","modified_gmt":"2024-06-14T13:38:05","slug":"ucuz-koltuk-takimi-argos-koltuk-takimi-3-3-1-1-krem-ozelligine-sahip","status":"publish","type":"product","link":"https:\/\/ikincielkoltuktakimi.com\/esya\/urun\/ucuz-koltuk-takimi-argos-koltuk-takimi-3-3-1-1-krem-ozelligine-sahip\/","title":{"rendered":"Ucuz koltuk tak\u0131m\u0131 Argos Koltuk Tak\u0131m\u0131 3 + 3 + 1 + 1 Krem \u00f6zelli\u011fine sahip"},"content":{"rendered":"<p><img loading=\"lazy\" decoding=\"async\" class=\"aligncenter size-full wp-image-424\" src=\"https:\/\/ikincielkoltuktakimi.com\/esya\/wp-content\/uploads\/2024\/06\/koltuk-takimi-2.png\" alt=\"\" width=\"762\" height=\"636\" title=\"\" srcset=\"https:\/\/ikincielkoltuktakimi.com\/esya\/wp-content\/uploads\/2024\/06\/koltuk-takimi-2.png 762w, https:\/\/ikincielkoltuktakimi.com\/esya\/wp-content\/uploads\/2024\/06\/koltuk-takimi-2-300x250.png 300w, https:\/\/ikincielkoltuktakimi.com\/esya\/wp-content\/uploads\/2024\/06\/koltuk-takimi-2-600x501.png 600w\" sizes=\"auto, (max-width: 762px) 100vw, 762px\" \/> <img loading=\"lazy\" decoding=\"async\" class=\"aligncenter size-full wp-image-425\" src=\"https:\/\/ikincielkoltuktakimi.com\/esya\/wp-content\/uploads\/2024\/06\/koltuk-takimi-1.png\" alt=\"\" width=\"756\" height=\"628\" title=\"\" srcset=\"https:\/\/ikincielkoltuktakimi.com\/esya\/wp-content\/uploads\/2024\/06\/koltuk-takimi-1.png 756w, https:\/\/ikincielkoltuktakimi.com\/esya\/wp-content\/uploads\/2024\/06\/koltuk-takimi-1-300x249.png 300w, https:\/\/ikincielkoltuktakimi.com\/esya\/wp-content\/uploads\/2024\/06\/koltuk-takimi-1-600x498.png 600w\" sizes=\"auto, (max-width: 756px) 100vw, 756px\" \/><\/p>\n","protected":false},"excerpt":{"rendered":"<p>koltuk tak\u0131m\u0131<br \/>\nikinci el koltuk tak\u0131m\u0131 Ikinci El Koltuk Takimlari \u00b7 Karts\u0131z 36 taksit. Ipek Mobilya Argos Koltuk Tak\u0131m\u0131 3 + 3 + 1 + 1 Krem \u00f6zelli\u011fine sahip kesinlikle ikinci el \u00fcr\u00fcn de\u011fildir fiyat bilgisi i\u00e7in Dm 2.el koltuk tak\u0131m\u0131 sahibinden Oturma Grubu Koltuk Tak\u0131m\u0131 \u00b7 Ev salon tak\u0131m\u0131. Devam\u0131n\u0131 oku \u00b7 Koltuk tak\u0131m\u0131 salon. Devam\u0131n\u0131 2 El koltuk tak\u0131m\u0131 Fiyatlar\u0131 \u0130ste\u011finize g\u00f6re s\u0131f\u0131r oturma gruplar\u0131,salon tak\u0131mlar\u0131,koltuk tak\u0131mlar\u0131 yapmaktay\u0131z. 2 El koltuk tak\u0131m\u0131 Arayanlar \u0130kinci el Bosch Maxx 8 \u00c7ama\u015f\u0131r Makinesi \u2013 Spotbu Karasu. Sakarya Karasu Spotbu&#8217;dan \u0130kinci El \u00c7ama\u015f\u0131r Makinesi Sat\u0131l\u0131k<br \/>\nletgo 2.el oturma gruplar\u0131<br \/>\nSahibinden sat\u0131l\u0131k Koltuk Tak\u0131m\u0131<\/p>\n","protected":false},"featured_media":424,"template":"","meta":[],"product_brand":[],"product_cat":[32],"product_tag":[],"class_list":{"0":"post-423","1":"product","2":"type-product","3":"status-publish","4":"has-post-thumbnail","6":"product_cat-spot-koltuk-takimi","8":"first","9":"instock","10":"sale","11":"shipping-taxable","12":"purchasable","13":"product-type-simple"},"_links":{"self":[{"href":"https:\/\/ikincielkoltuktakimi.com\/esya\/wp-json\/wp\/v2\/product\/423","targetHints":{"allow":["GET"]}}],"collection":[{"href":"https:\/\/ikincielkoltuktakimi.com\/esya\/wp-json\/wp\/v2\/product"}],"about":[{"href":"https:\/\/ikincielkoltuktakimi.com\/esya\/wp-json\/wp\/v2\/types\/product"}],"wp:featuredmedia":[{"embeddable":true,"href":"https:\/\/ikincielkoltuktakimi.com\/esya\/wp-json\/wp\/v2\/media\/424"}],"wp:attachment":[{"href":"https:\/\/ikincielkoltuktakimi.com\/esya\/wp-json\/wp\/v2\/media?parent=423"}],"wp:term":[{"taxonomy":"product_brand","embeddable":true,"href":"https:\/\/ikincielkoltuktakimi.com\/esya\/wp-json\/wp\/v2\/product_brand?post=423"},{"taxonomy":"product_cat","embeddable":true,"href":"https:\/\/ikincielkoltuktakimi.com\/esya\/wp-json\/wp\/v2\/product_cat?post=423"},{"taxonomy":"product_tag","embeddable":true,"href":"https:\/\/ikincielkoltuktakimi.com\/esya\/wp-json\/wp\/v2\/product_tag?post=423"}],"curies":[{"name":"wp","href":"https:\/\/api.w.org\/{rel}","templated":true}]}}