{"id":426,"date":"2024-06-14T16:41:21","date_gmt":"2024-06-14T13:41:21","guid":{"rendered":"https:\/\/ikincielkoltuktakimi.com\/esya\/?post_type=product&#038;p=426"},"modified":"2024-06-14T16:41:21","modified_gmt":"2024-06-14T13:41:21","slug":"ikinci-el-kose-koltuk-takimi-tertemiz-hatasiz-koltuk-takimi-kaliteli-ve-rahat","status":"publish","type":"product","link":"https:\/\/ikincielkoltuktakimi.com\/esya\/urun\/ikinci-el-kose-koltuk-takimi-tertemiz-hatasiz-koltuk-takimi-kaliteli-ve-rahat\/","title":{"rendered":"ikinci el k\u00f6\u015fe koltuk tak\u0131m\u0131 tertemiz hatas\u0131z koltuk tak\u0131m\u0131 kaliteli ve rahat"},"content":{"rendered":"<div id=\"attachment_427\" style=\"width: 1073px\" class=\"wp-caption aligncenter\"><img loading=\"lazy\" decoding=\"async\" aria-describedby=\"caption-attachment-427\" class=\"wp-image-427 size-full\" title=\"ikinci el k\u00f6\u015fe koltuk tak\u0131m\u0131\" src=\"https:\/\/ikincielkoltuktakimi.com\/esya\/wp-content\/uploads\/2024\/06\/ikinci-el-kose-koltuk-takimi-2.png\" alt=\"\" width=\"1063\" height=\"629\" srcset=\"https:\/\/ikincielkoltuktakimi.com\/esya\/wp-content\/uploads\/2024\/06\/ikinci-el-kose-koltuk-takimi-2.png 1063w, https:\/\/ikincielkoltuktakimi.com\/esya\/wp-content\/uploads\/2024\/06\/ikinci-el-kose-koltuk-takimi-2-300x178.png 300w, https:\/\/ikincielkoltuktakimi.com\/esya\/wp-content\/uploads\/2024\/06\/ikinci-el-kose-koltuk-takimi-2-1024x606.png 1024w, https:\/\/ikincielkoltuktakimi.com\/esya\/wp-content\/uploads\/2024\/06\/ikinci-el-kose-koltuk-takimi-2-768x454.png 768w, https:\/\/ikincielkoltuktakimi.com\/esya\/wp-content\/uploads\/2024\/06\/ikinci-el-kose-koltuk-takimi-2-600x355.png 600w\" sizes=\"auto, (max-width: 1063px) 100vw, 1063px\" \/><p id=\"caption-attachment-427\" class=\"wp-caption-text\">ikinci el k\u00f6\u015fe koltuk tak\u0131m\u0131<\/p><\/div>\n<p><img loading=\"lazy\" decoding=\"async\" class=\"aligncenter size-full wp-image-428\" src=\"https:\/\/ikincielkoltuktakimi.com\/esya\/wp-content\/uploads\/2024\/06\/ikinci-el-kose-koltuk-takimi-1.png\" alt=\"\" width=\"909\" height=\"628\" title=\"\" srcset=\"https:\/\/ikincielkoltuktakimi.com\/esya\/wp-content\/uploads\/2024\/06\/ikinci-el-kose-koltuk-takimi-1.png 909w, https:\/\/ikincielkoltuktakimi.com\/esya\/wp-content\/uploads\/2024\/06\/ikinci-el-kose-koltuk-takimi-1-300x207.png 300w, https:\/\/ikincielkoltuktakimi.com\/esya\/wp-content\/uploads\/2024\/06\/ikinci-el-kose-koltuk-takimi-1-768x531.png 768w, https:\/\/ikincielkoltuktakimi.com\/esya\/wp-content\/uploads\/2024\/06\/ikinci-el-kose-koltuk-takimi-1-600x415.png 600w\" sizes=\"auto, (max-width: 909px) 100vw, 909px\" \/><\/p>\n","protected":false},"excerpt":{"rendered":"<p><strong>\u0130kinci El tertemiz hatas\u0131z koltuk tak\u0131m\u0131.<\/strong> 2. El El Oymas\u0131 Saray Koltuk Tak\u0131m\u0131 ( \u0130talyan tipi) Mobilya ikinci el e\u015fya S\u0131radan Fikirlerin \u00d6tesinde, Yenilik\u00e7i \u00dcr\u00fcnler ve \u00c7\u00f6z\u00fcmler i\u00e7in En Yak\u0131n \u00c7etmen&#8217;e Gelin. Uygun Fiyatl\u0131 Ancak her tak\u0131m\u0131n i\u00e7eri\u011fi farkl\u0131 ihtiya\u00e7lara g\u00f6re de\u011fi\u015fiklik g\u00f6sterir. 3&#8217;l\u00fc oturma grubunun yan\u0131 s\u0131ra ve Kaliteli Mobilyalar\u0131m\u0131z\u0131 Ke\u015ffetmeniz<\/p>\n","protected":false},"featured_media":428,"template":"","meta":[],"product_brand":[],"product_cat":[33],"product_tag":[],"class_list":{"0":"post-426","1":"product","2":"type-product","3":"status-publish","4":"has-post-thumbnail","6":"product_cat-ikinci-el-kose-koltuk-takimi","8":"first","9":"instock","10":"sale","11":"shipping-taxable","12":"purchasable","13":"product-type-simple"},"_links":{"self":[{"href":"https:\/\/ikincielkoltuktakimi.com\/esya\/wp-json\/wp\/v2\/product\/426","targetHints":{"allow":["GET"]}}],"collection":[{"href":"https:\/\/ikincielkoltuktakimi.com\/esya\/wp-json\/wp\/v2\/product"}],"about":[{"href":"https:\/\/ikincielkoltuktakimi.com\/esya\/wp-json\/wp\/v2\/types\/product"}],"wp:featuredmedia":[{"embeddable":true,"href":"https:\/\/ikincielkoltuktakimi.com\/esya\/wp-json\/wp\/v2\/media\/428"}],"wp:attachment":[{"href":"https:\/\/ikincielkoltuktakimi.com\/esya\/wp-json\/wp\/v2\/media?parent=426"}],"wp:term":[{"taxonomy":"product_brand","embeddable":true,"href":"https:\/\/ikincielkoltuktakimi.com\/esya\/wp-json\/wp\/v2\/product_brand?post=426"},{"taxonomy":"product_cat","embeddable":true,"href":"https:\/\/ikincielkoltuktakimi.com\/esya\/wp-json\/wp\/v2\/product_cat?post=426"},{"taxonomy":"product_tag","embeddable":true,"href":"https:\/\/ikincielkoltuktakimi.com\/esya\/wp-json\/wp\/v2\/product_tag?post=426"}],"curies":[{"name":"wp","href":"https:\/\/api.w.org\/{rel}","templated":true}]}}