{"id":429,"date":"2024-06-14T17:06:08","date_gmt":"2024-06-14T14:06:08","guid":{"rendered":"https:\/\/ikincielkoltuktakimi.com\/esya\/?post_type=product&#038;p=429"},"modified":"2024-06-14T17:06:08","modified_gmt":"2024-06-14T14:06:08","slug":"gul-kurusu-ikinci-el-cekyat-kanepe-sifir-gibi-yepyeni","status":"publish","type":"product","link":"https:\/\/ikincielkoltuktakimi.com\/esya\/urun\/gul-kurusu-ikinci-el-cekyat-kanepe-sifir-gibi-yepyeni\/","title":{"rendered":"G\u00fcl kurusu ikinci el \u00e7ekyat kanepe s\u0131f\u0131r gibi yepyeni"},"content":{"rendered":"<p><img loading=\"lazy\" decoding=\"async\" class=\"aligncenter size-full wp-image-430\" src=\"https:\/\/ikincielkoltuktakimi.com\/esya\/wp-content\/uploads\/2024\/06\/Gul-kurusu-ikinci-el-cekyat-kanepe-2.png\" alt=\"\" width=\"764\" height=\"631\" title=\"\" srcset=\"https:\/\/ikincielkoltuktakimi.com\/esya\/wp-content\/uploads\/2024\/06\/Gul-kurusu-ikinci-el-cekyat-kanepe-2.png 764w, https:\/\/ikincielkoltuktakimi.com\/esya\/wp-content\/uploads\/2024\/06\/Gul-kurusu-ikinci-el-cekyat-kanepe-2-300x248.png 300w, https:\/\/ikincielkoltuktakimi.com\/esya\/wp-content\/uploads\/2024\/06\/Gul-kurusu-ikinci-el-cekyat-kanepe-2-600x496.png 600w\" sizes=\"auto, (max-width: 764px) 100vw, 764px\" \/> <img loading=\"lazy\" decoding=\"async\" class=\"aligncenter size-full wp-image-431\" src=\"https:\/\/ikincielkoltuktakimi.com\/esya\/wp-content\/uploads\/2024\/06\/Gul-kurusu-ikinci-el-cekyat-kanepe-1.png\" alt=\"\" width=\"1056\" height=\"624\" title=\"\" srcset=\"https:\/\/ikincielkoltuktakimi.com\/esya\/wp-content\/uploads\/2024\/06\/Gul-kurusu-ikinci-el-cekyat-kanepe-1.png 1056w, https:\/\/ikincielkoltuktakimi.com\/esya\/wp-content\/uploads\/2024\/06\/Gul-kurusu-ikinci-el-cekyat-kanepe-1-300x177.png 300w, https:\/\/ikincielkoltuktakimi.com\/esya\/wp-content\/uploads\/2024\/06\/Gul-kurusu-ikinci-el-cekyat-kanepe-1-1024x605.png 1024w, https:\/\/ikincielkoltuktakimi.com\/esya\/wp-content\/uploads\/2024\/06\/Gul-kurusu-ikinci-el-cekyat-kanepe-1-768x454.png 768w, https:\/\/ikincielkoltuktakimi.com\/esya\/wp-content\/uploads\/2024\/06\/Gul-kurusu-ikinci-el-cekyat-kanepe-1-600x355.png 600w\" sizes=\"auto, (max-width: 1056px) 100vw, 1056px\" \/><\/p>\n","protected":false},"excerpt":{"rendered":"<p><strong>G\u00fcl kurusu ikinci el \u00e7ekyat kanepe<\/strong> Arad\u0131\u011f\u0131n\u0131z emlak ilan\u0131n\u0131 haritada kolayca bulun \u0130kinci El ve S\u0131f\u0131r Al\u0131\u015fveri\u015f Zenio Silver Koltuk Tak\u0131m\u0131, G\u00fcl Kurusu\u00a0 Evdemo Bumerang Siyah Koltuk Tak\u0131m\u0131 En Ucuz Ev Dekorasyon \u015eekil K\u00f6\u015fe Koltuk Tak\u0131m\u0131 G\u00fcl Kurusu. En Ucuz 28.669,00 TL TEK F\u0130YAT. \u00d6nceki 37 Mobilya Ayn\u0131 zamanda g\u00fcl kurusu, vi\u015fne \u00e7\u00fcr\u00fc\u011f\u00fc ya da saks mavisi gibi de\u011fi\u015fik renk tonlar\u0131na dahi denk Oturma Odas\u0131 &amp; Salon<\/p>\n","protected":false},"featured_media":431,"template":"","meta":[],"product_brand":[],"product_cat":[35],"product_tag":[],"class_list":{"0":"post-429","1":"product","2":"type-product","3":"status-publish","4":"has-post-thumbnail","6":"product_cat-ikinci-el-cekyat-kanepe","8":"first","9":"instock","10":"sale","11":"shipping-taxable","12":"purchasable","13":"product-type-simple"},"_links":{"self":[{"href":"https:\/\/ikincielkoltuktakimi.com\/esya\/wp-json\/wp\/v2\/product\/429","targetHints":{"allow":["GET"]}}],"collection":[{"href":"https:\/\/ikincielkoltuktakimi.com\/esya\/wp-json\/wp\/v2\/product"}],"about":[{"href":"https:\/\/ikincielkoltuktakimi.com\/esya\/wp-json\/wp\/v2\/types\/product"}],"wp:featuredmedia":[{"embeddable":true,"href":"https:\/\/ikincielkoltuktakimi.com\/esya\/wp-json\/wp\/v2\/media\/431"}],"wp:attachment":[{"href":"https:\/\/ikincielkoltuktakimi.com\/esya\/wp-json\/wp\/v2\/media?parent=429"}],"wp:term":[{"taxonomy":"product_brand","embeddable":true,"href":"https:\/\/ikincielkoltuktakimi.com\/esya\/wp-json\/wp\/v2\/product_brand?post=429"},{"taxonomy":"product_cat","embeddable":true,"href":"https:\/\/ikincielkoltuktakimi.com\/esya\/wp-json\/wp\/v2\/product_cat?post=429"},{"taxonomy":"product_tag","embeddable":true,"href":"https:\/\/ikincielkoltuktakimi.com\/esya\/wp-json\/wp\/v2\/product_tag?post=429"}],"curies":[{"name":"wp","href":"https:\/\/api.w.org\/{rel}","templated":true}]}}