{"id":432,"date":"2024-06-14T17:08:51","date_gmt":"2024-06-14T14:08:51","guid":{"rendered":"https:\/\/ikincielkoltuktakimi.com\/esya\/?post_type=product&#038;p=432"},"modified":"2024-06-14T17:08:51","modified_gmt":"2024-06-14T14:08:51","slug":"ogrenci-icin-ikinci-el-koltuk-takimi-ogrenciye-ucuz-mobilya","status":"publish","type":"product","link":"https:\/\/ikincielkoltuktakimi.com\/esya\/urun\/ogrenci-icin-ikinci-el-koltuk-takimi-ogrenciye-ucuz-mobilya\/","title":{"rendered":"\u00d6\u011frenci i\u00e7in ikinci el koltuk tak\u0131m\u0131 \u00f6\u011frenciye ucuz mobilya"},"content":{"rendered":"<p><img loading=\"lazy\" decoding=\"async\" class=\"aligncenter size-full wp-image-433\" src=\"https:\/\/ikincielkoltuktakimi.com\/esya\/wp-content\/uploads\/2024\/06\/Ogrenci-icin-ikinci-el-koltuk-takimi-2.png\" alt=\"\" width=\"763\" height=\"629\" title=\"\" srcset=\"https:\/\/ikincielkoltuktakimi.com\/esya\/wp-content\/uploads\/2024\/06\/Ogrenci-icin-ikinci-el-koltuk-takimi-2.png 763w, https:\/\/ikincielkoltuktakimi.com\/esya\/wp-content\/uploads\/2024\/06\/Ogrenci-icin-ikinci-el-koltuk-takimi-2-300x247.png 300w, https:\/\/ikincielkoltuktakimi.com\/esya\/wp-content\/uploads\/2024\/06\/Ogrenci-icin-ikinci-el-koltuk-takimi-2-600x495.png 600w\" sizes=\"auto, (max-width: 763px) 100vw, 763px\" \/> <img loading=\"lazy\" decoding=\"async\" class=\"aligncenter size-full wp-image-434\" src=\"https:\/\/ikincielkoltuktakimi.com\/esya\/wp-content\/uploads\/2024\/06\/Ogrenci-icin-ikinci-el-koltuk-takimi-3.png\" alt=\"\" width=\"757\" height=\"630\" title=\"\" srcset=\"https:\/\/ikincielkoltuktakimi.com\/esya\/wp-content\/uploads\/2024\/06\/Ogrenci-icin-ikinci-el-koltuk-takimi-3.png 757w, https:\/\/ikincielkoltuktakimi.com\/esya\/wp-content\/uploads\/2024\/06\/Ogrenci-icin-ikinci-el-koltuk-takimi-3-300x250.png 300w, https:\/\/ikincielkoltuktakimi.com\/esya\/wp-content\/uploads\/2024\/06\/Ogrenci-icin-ikinci-el-koltuk-takimi-3-600x499.png 600w\" sizes=\"auto, (max-width: 757px) 100vw, 757px\" \/> <img loading=\"lazy\" decoding=\"async\" class=\"aligncenter size-full wp-image-435\" src=\"https:\/\/ikincielkoltuktakimi.com\/esya\/wp-content\/uploads\/2024\/06\/Ogrenci-icin-ikinci-el-koltuk-takimi-1.png\" alt=\"\" width=\"759\" height=\"630\" title=\"\" srcset=\"https:\/\/ikincielkoltuktakimi.com\/esya\/wp-content\/uploads\/2024\/06\/Ogrenci-icin-ikinci-el-koltuk-takimi-1.png 759w, https:\/\/ikincielkoltuktakimi.com\/esya\/wp-content\/uploads\/2024\/06\/Ogrenci-icin-ikinci-el-koltuk-takimi-1-300x249.png 300w, https:\/\/ikincielkoltuktakimi.com\/esya\/wp-content\/uploads\/2024\/06\/Ogrenci-icin-ikinci-el-koltuk-takimi-1-600x498.png 600w\" sizes=\"auto, (max-width: 759px) 100vw, 759px\" \/><\/p>\n","protected":false},"excerpt":{"rendered":"<p><strong>\u0130kili koltuk modelleri ile arad\u0131\u011f\u0131n yeni sezon \u00fcr\u00fcnler, Bah\u00e7e Balkon<\/strong> 2. Oturma odas\u0131 grubu i\u00e7erisinde neleri bar\u0131nd\u0131r\u0131r? Koltuk tak\u0131mlar\u0131, berjer, orta sehpa ve TV Teras 2 Ki\u015filik Metal Kanepe &#8230; Koltuk Stilim Kanepe \u00c7ekyat sevdi\u011fin markalarla ucuz klasik koltuk tak\u0131m\u0131 Antika El Tekli Kanepe Mavi Beyaz Renkli Ucuz Fiyat 2.El tekli Koltuk \u00c7ekyat kane\u011fe F\u0131rsat \u00dcr\u00fcn\u00fc, oturma 2.el oymal\u0131 koltuk tak\u0131m\u0131 2. el klasik koltuk tak\u0131m\u0131 2 Li Koltuk \u00e7e\u015fitlerini indirimli fiyatlarla almak i\u00e7in t\u0131kla<\/p>\n","protected":false},"featured_media":434,"template":"","meta":[],"product_brand":[],"product_cat":[15],"product_tag":[],"class_list":{"0":"post-432","1":"product","2":"type-product","3":"status-publish","4":"has-post-thumbnail","6":"product_cat-ikinci-el-koltuk-takimi","8":"first","9":"instock","10":"sale","11":"shipping-taxable","12":"purchasable","13":"product-type-simple"},"_links":{"self":[{"href":"https:\/\/ikincielkoltuktakimi.com\/esya\/wp-json\/wp\/v2\/product\/432","targetHints":{"allow":["GET"]}}],"collection":[{"href":"https:\/\/ikincielkoltuktakimi.com\/esya\/wp-json\/wp\/v2\/product"}],"about":[{"href":"https:\/\/ikincielkoltuktakimi.com\/esya\/wp-json\/wp\/v2\/types\/product"}],"wp:featuredmedia":[{"embeddable":true,"href":"https:\/\/ikincielkoltuktakimi.com\/esya\/wp-json\/wp\/v2\/media\/434"}],"wp:attachment":[{"href":"https:\/\/ikincielkoltuktakimi.com\/esya\/wp-json\/wp\/v2\/media?parent=432"}],"wp:term":[{"taxonomy":"product_brand","embeddable":true,"href":"https:\/\/ikincielkoltuktakimi.com\/esya\/wp-json\/wp\/v2\/product_brand?post=432"},{"taxonomy":"product_cat","embeddable":true,"href":"https:\/\/ikincielkoltuktakimi.com\/esya\/wp-json\/wp\/v2\/product_cat?post=432"},{"taxonomy":"product_tag","embeddable":true,"href":"https:\/\/ikincielkoltuktakimi.com\/esya\/wp-json\/wp\/v2\/product_tag?post=432"}],"curies":[{"name":"wp","href":"https:\/\/api.w.org\/{rel}","templated":true}]}}