{"id":450,"date":"2024-07-05T16:20:27","date_gmt":"2024-07-05T13:20:27","guid":{"rendered":"https:\/\/ikincielkoltuktakimi.com\/esya\/?post_type=product&#038;p=450"},"modified":"2024-07-05T16:20:27","modified_gmt":"2024-07-05T13:20:27","slug":"ikinci-el-berjer-renkli-tasarim-berjer-koltuk-cesitleri-tekli-koltuklar","status":"publish","type":"product","link":"https:\/\/ikincielkoltuktakimi.com\/esya\/urun\/ikinci-el-berjer-renkli-tasarim-berjer-koltuk-cesitleri-tekli-koltuklar\/","title":{"rendered":"\u0130K\u0130NC\u0130 EL BERJER Renkli, tasar\u0131m berjer koltuk \u00e7e\u015fitleri, tekli koltuklar"},"content":{"rendered":"<p><img loading=\"lazy\" decoding=\"async\" class=\"aligncenter size-full wp-image-451\" src=\"https:\/\/ikincielkoltuktakimi.com\/esya\/wp-content\/uploads\/2024\/07\/IKINCI-EL-BERJER-3.jpg\" alt=\"\" width=\"1537\" height=\"2048\" title=\"\" srcset=\"https:\/\/ikincielkoltuktakimi.com\/esya\/wp-content\/uploads\/2024\/07\/IKINCI-EL-BERJER-3.jpg 1537w, https:\/\/ikincielkoltuktakimi.com\/esya\/wp-content\/uploads\/2024\/07\/IKINCI-EL-BERJER-3-225x300.jpg 225w, https:\/\/ikincielkoltuktakimi.com\/esya\/wp-content\/uploads\/2024\/07\/IKINCI-EL-BERJER-3-769x1024.jpg 769w, https:\/\/ikincielkoltuktakimi.com\/esya\/wp-content\/uploads\/2024\/07\/IKINCI-EL-BERJER-3-768x1023.jpg 768w, https:\/\/ikincielkoltuktakimi.com\/esya\/wp-content\/uploads\/2024\/07\/IKINCI-EL-BERJER-3-1153x1536.jpg 1153w, https:\/\/ikincielkoltuktakimi.com\/esya\/wp-content\/uploads\/2024\/07\/IKINCI-EL-BERJER-3-600x799.jpg 600w\" sizes=\"auto, (max-width: 1537px) 100vw, 1537px\" \/> <img loading=\"lazy\" decoding=\"async\" class=\"aligncenter size-full wp-image-452\" src=\"https:\/\/ikincielkoltuktakimi.com\/esya\/wp-content\/uploads\/2024\/07\/IKINCI-EL-BERJER-1.jpg\" alt=\"\" width=\"768\" height=\"1024\" title=\"\" srcset=\"https:\/\/ikincielkoltuktakimi.com\/esya\/wp-content\/uploads\/2024\/07\/IKINCI-EL-BERJER-1.jpg 768w, https:\/\/ikincielkoltuktakimi.com\/esya\/wp-content\/uploads\/2024\/07\/IKINCI-EL-BERJER-1-225x300.jpg 225w, https:\/\/ikincielkoltuktakimi.com\/esya\/wp-content\/uploads\/2024\/07\/IKINCI-EL-BERJER-1-600x800.jpg 600w\" sizes=\"auto, (max-width: 768px) 100vw, 768px\" \/> <img loading=\"lazy\" decoding=\"async\" class=\"aligncenter size-full wp-image-453\" src=\"https:\/\/ikincielkoltuktakimi.com\/esya\/wp-content\/uploads\/2024\/07\/IKINCI-EL-BERJER-2.jpg\" alt=\"\" width=\"921\" height=\"2048\" title=\"\" srcset=\"https:\/\/ikincielkoltuktakimi.com\/esya\/wp-content\/uploads\/2024\/07\/IKINCI-EL-BERJER-2.jpg 921w, https:\/\/ikincielkoltuktakimi.com\/esya\/wp-content\/uploads\/2024\/07\/IKINCI-EL-BERJER-2-135x300.jpg 135w, https:\/\/ikincielkoltuktakimi.com\/esya\/wp-content\/uploads\/2024\/07\/IKINCI-EL-BERJER-2-461x1024.jpg 461w, https:\/\/ikincielkoltuktakimi.com\/esya\/wp-content\/uploads\/2024\/07\/IKINCI-EL-BERJER-2-768x1708.jpg 768w, https:\/\/ikincielkoltuktakimi.com\/esya\/wp-content\/uploads\/2024\/07\/IKINCI-EL-BERJER-2-691x1536.jpg 691w, https:\/\/ikincielkoltuktakimi.com\/esya\/wp-content\/uploads\/2024\/07\/IKINCI-EL-BERJER-2-600x1334.jpg 600w\" sizes=\"auto, (max-width: 921px) 100vw, 921px\" \/><\/p>\n","protected":false},"excerpt":{"rendered":"<p><strong>\u0130K\u0130NC\u0130 EL BERJER \u0130kinci El ve S\u0131f\u0131r Al\u0131\u015fveri\u015f A\u011fa\u00e7 g\u00f6vde<\/strong> 2 adet Tekli Berjer Koltuk. \u00dcr\u00fcnler \u00f6rt\u00fcl\u00fc kullan\u0131lm\u0131\u015f, olduk\u00e7a sa\u011flam ve rahatt\u0131r. Emlak Vas\u0131ta Yedek Par\u00e7a, Aksesuar, Donan\u0131m Oturma Odas\u0131 ve Salon Mobilyalar\u0131 Modelleri, ikinci el ve s\u0131f\u0131r se\u00e7enekleri ve b\u00fct\u00e7enize uygun 2 Adet Berjer. 2.000 TL. \u0130stanbul, Ka\u011f\u0131thane Berjer modelleri mi ar\u0131yorsun? Renkli, tasar\u0131m berjer koltuk \u00e7e\u015fitleri, tekli koltuklar indirimli fiyat ve sana<\/p>\n","protected":false},"featured_media":451,"template":"","meta":[],"product_brand":[],"product_cat":[15],"product_tag":[36],"class_list":{"0":"post-450","1":"product","2":"type-product","3":"status-publish","4":"has-post-thumbnail","6":"product_cat-ikinci-el-koltuk-takimi","7":"product_tag-ikinci-el-berjer","9":"first","10":"instock","11":"sale","12":"shipping-taxable","13":"purchasable","14":"product-type-simple"},"_links":{"self":[{"href":"https:\/\/ikincielkoltuktakimi.com\/esya\/wp-json\/wp\/v2\/product\/450","targetHints":{"allow":["GET"]}}],"collection":[{"href":"https:\/\/ikincielkoltuktakimi.com\/esya\/wp-json\/wp\/v2\/product"}],"about":[{"href":"https:\/\/ikincielkoltuktakimi.com\/esya\/wp-json\/wp\/v2\/types\/product"}],"wp:featuredmedia":[{"embeddable":true,"href":"https:\/\/ikincielkoltuktakimi.com\/esya\/wp-json\/wp\/v2\/media\/451"}],"wp:attachment":[{"href":"https:\/\/ikincielkoltuktakimi.com\/esya\/wp-json\/wp\/v2\/media?parent=450"}],"wp:term":[{"taxonomy":"product_brand","embeddable":true,"href":"https:\/\/ikincielkoltuktakimi.com\/esya\/wp-json\/wp\/v2\/product_brand?post=450"},{"taxonomy":"product_cat","embeddable":true,"href":"https:\/\/ikincielkoltuktakimi.com\/esya\/wp-json\/wp\/v2\/product_cat?post=450"},{"taxonomy":"product_tag","embeddable":true,"href":"https:\/\/ikincielkoltuktakimi.com\/esya\/wp-json\/wp\/v2\/product_tag?post=450"}],"curies":[{"name":"wp","href":"https:\/\/api.w.org\/{rel}","templated":true}]}}