{"id":462,"date":"2024-07-13T16:37:13","date_gmt":"2024-07-13T13:37:13","guid":{"rendered":"https:\/\/ikincielkoltuktakimi.com\/esya\/?post_type=product&#038;p=462"},"modified":"2024-07-13T16:37:13","modified_gmt":"2024-07-13T13:37:13","slug":"honda-benzinli-beton-sikistirma-vibratoru-saglam-tas-gibi-makine","status":"publish","type":"product","link":"https:\/\/ikincielkoltuktakimi.com\/esya\/urun\/honda-benzinli-beton-sikistirma-vibratoru-saglam-tas-gibi-makine\/","title":{"rendered":"Honda benzinli beton s\u0131k\u0131\u015ft\u0131rma vibrat\u00f6r\u00fc sa\u011flam ta\u015f gibi makine"},"content":{"rendered":"<p><img loading=\"lazy\" decoding=\"async\" class=\"aligncenter size-full wp-image-463\" src=\"https:\/\/ikincielkoltuktakimi.com\/esya\/wp-content\/uploads\/2024\/07\/Honda-benzinli-beton-sikistirma-vibratoru-1.png\" alt=\"\" width=\"694\" height=\"629\" title=\"\" srcset=\"https:\/\/ikincielkoltuktakimi.com\/esya\/wp-content\/uploads\/2024\/07\/Honda-benzinli-beton-sikistirma-vibratoru-1.png 694w, https:\/\/ikincielkoltuktakimi.com\/esya\/wp-content\/uploads\/2024\/07\/Honda-benzinli-beton-sikistirma-vibratoru-1-300x272.png 300w, https:\/\/ikincielkoltuktakimi.com\/esya\/wp-content\/uploads\/2024\/07\/Honda-benzinli-beton-sikistirma-vibratoru-1-600x544.png 600w\" sizes=\"auto, (max-width: 694px) 100vw, 694px\" \/> <img loading=\"lazy\" decoding=\"async\" class=\"aligncenter size-full wp-image-464\" src=\"https:\/\/ikincielkoltuktakimi.com\/esya\/wp-content\/uploads\/2024\/07\/Honda-benzinli-beton-sikistirma-vibratoru-2.png\" alt=\"\" width=\"704\" height=\"625\" title=\"\" srcset=\"https:\/\/ikincielkoltuktakimi.com\/esya\/wp-content\/uploads\/2024\/07\/Honda-benzinli-beton-sikistirma-vibratoru-2.png 704w, https:\/\/ikincielkoltuktakimi.com\/esya\/wp-content\/uploads\/2024\/07\/Honda-benzinli-beton-sikistirma-vibratoru-2-300x266.png 300w, https:\/\/ikincielkoltuktakimi.com\/esya\/wp-content\/uploads\/2024\/07\/Honda-benzinli-beton-sikistirma-vibratoru-2-600x533.png 600w\" sizes=\"auto, (max-width: 704px) 100vw, 704px\" \/> <img loading=\"lazy\" decoding=\"async\" class=\"aligncenter size-full wp-image-465\" src=\"https:\/\/ikincielkoltuktakimi.com\/esya\/wp-content\/uploads\/2024\/07\/Honda-benzinli-beton-sikistirma-vibratoru-3.png\" alt=\"\" width=\"704\" height=\"627\" title=\"\" srcset=\"https:\/\/ikincielkoltuktakimi.com\/esya\/wp-content\/uploads\/2024\/07\/Honda-benzinli-beton-sikistirma-vibratoru-3.png 704w, https:\/\/ikincielkoltuktakimi.com\/esya\/wp-content\/uploads\/2024\/07\/Honda-benzinli-beton-sikistirma-vibratoru-3-300x267.png 300w, https:\/\/ikincielkoltuktakimi.com\/esya\/wp-content\/uploads\/2024\/07\/Honda-benzinli-beton-sikistirma-vibratoru-3-600x534.png 600w\" sizes=\"auto, (max-width: 704px) 100vw, 704px\" \/> <img loading=\"lazy\" decoding=\"async\" class=\"aligncenter size-full wp-image-466\" src=\"https:\/\/ikincielkoltuktakimi.com\/esya\/wp-content\/uploads\/2024\/07\/Honda-benzinli-beton-sikistirma-vibratoru-4.png\" alt=\"\" width=\"704\" height=\"631\" title=\"\" srcset=\"https:\/\/ikincielkoltuktakimi.com\/esya\/wp-content\/uploads\/2024\/07\/Honda-benzinli-beton-sikistirma-vibratoru-4.png 704w, https:\/\/ikincielkoltuktakimi.com\/esya\/wp-content\/uploads\/2024\/07\/Honda-benzinli-beton-sikistirma-vibratoru-4-300x269.png 300w, https:\/\/ikincielkoltuktakimi.com\/esya\/wp-content\/uploads\/2024\/07\/Honda-benzinli-beton-sikistirma-vibratoru-4-600x538.png 600w\" sizes=\"auto, (max-width: 704px) 100vw, 704px\" \/><\/p>\n","protected":false},"excerpt":{"rendered":"<p><strong>Honda benzinli beton s\u0131k\u0131\u015ft\u0131rma vibrat\u00f6r\u00fc<\/strong> Honda bak\u0131ml\u0131 beton s\u0131k\u0131\u015ft\u0131rma vibrat\u00f6r\u00fc cihazda 50 lik \u015fi\u015fe vard\u0131r tokmakl\u0131 Beton Vibrat\u00f6r\u00fc modelleri ile arad\u0131\u011f\u0131n yeni sezon \u00fcr\u00fcnleri sevdi\u011fin markalarla Trendyol&#8217;da. Beton Vibrat\u00f6r\u00fc \u00e7e\u015fitlerini indirimli fiyatlarla almak i\u00e7in model olarak ge\u00e7er benzinli bak\u0131mlar\u0131 yeni temiz makinedir<\/p>\n","protected":false},"featured_media":466,"template":"","meta":[],"product_brand":[],"product_cat":[30],"product_tag":[],"class_list":{"0":"post-462","1":"product","2":"type-product","3":"status-publish","4":"has-post-thumbnail","6":"product_cat-ikinci-el-esya","8":"first","9":"instock","10":"sale","11":"shipping-taxable","12":"purchasable","13":"product-type-simple"},"_links":{"self":[{"href":"https:\/\/ikincielkoltuktakimi.com\/esya\/wp-json\/wp\/v2\/product\/462","targetHints":{"allow":["GET"]}}],"collection":[{"href":"https:\/\/ikincielkoltuktakimi.com\/esya\/wp-json\/wp\/v2\/product"}],"about":[{"href":"https:\/\/ikincielkoltuktakimi.com\/esya\/wp-json\/wp\/v2\/types\/product"}],"wp:featuredmedia":[{"embeddable":true,"href":"https:\/\/ikincielkoltuktakimi.com\/esya\/wp-json\/wp\/v2\/media\/466"}],"wp:attachment":[{"href":"https:\/\/ikincielkoltuktakimi.com\/esya\/wp-json\/wp\/v2\/media?parent=462"}],"wp:term":[{"taxonomy":"product_brand","embeddable":true,"href":"https:\/\/ikincielkoltuktakimi.com\/esya\/wp-json\/wp\/v2\/product_brand?post=462"},{"taxonomy":"product_cat","embeddable":true,"href":"https:\/\/ikincielkoltuktakimi.com\/esya\/wp-json\/wp\/v2\/product_cat?post=462"},{"taxonomy":"product_tag","embeddable":true,"href":"https:\/\/ikincielkoltuktakimi.com\/esya\/wp-json\/wp\/v2\/product_tag?post=462"}],"curies":[{"name":"wp","href":"https:\/\/api.w.org\/{rel}","templated":true}]}}