{"id":467,"date":"2024-07-17T17:12:58","date_gmt":"2024-07-17T14:12:58","guid":{"rendered":"https:\/\/ikincielkoltuktakimi.com\/esya\/?post_type=product&#038;p=467"},"modified":"2024-07-17T17:12:59","modified_gmt":"2024-07-17T14:12:59","slug":"istikbal-marka-saglam-kose-takimi-ucuz-kaliteli-salon-takimi","status":"publish","type":"product","link":"https:\/\/ikincielkoltuktakimi.com\/esya\/urun\/istikbal-marka-saglam-kose-takimi-ucuz-kaliteli-salon-takimi\/","title":{"rendered":"\u0130stikbal marka sa\u011flam k\u00f6\u015fe tak\u0131m\u0131 ucuz kaliteli salon tak\u0131m\u0131"},"content":{"rendered":"<p><img loading=\"lazy\" decoding=\"async\" class=\"aligncenter size-full wp-image-468\" src=\"https:\/\/ikincielkoltuktakimi.com\/esya\/wp-content\/uploads\/2024\/07\/saglam-kose-takimi-1.png\" alt=\"\" width=\"914\" height=\"629\" title=\"\" srcset=\"https:\/\/ikincielkoltuktakimi.com\/esya\/wp-content\/uploads\/2024\/07\/saglam-kose-takimi-1.png 914w, https:\/\/ikincielkoltuktakimi.com\/esya\/wp-content\/uploads\/2024\/07\/saglam-kose-takimi-1-300x206.png 300w, https:\/\/ikincielkoltuktakimi.com\/esya\/wp-content\/uploads\/2024\/07\/saglam-kose-takimi-1-768x529.png 768w, https:\/\/ikincielkoltuktakimi.com\/esya\/wp-content\/uploads\/2024\/07\/saglam-kose-takimi-1-600x413.png 600w\" sizes=\"auto, (max-width: 914px) 100vw, 914px\" \/> <img loading=\"lazy\" decoding=\"async\" class=\"aligncenter size-full wp-image-469\" src=\"https:\/\/ikincielkoltuktakimi.com\/esya\/wp-content\/uploads\/2024\/07\/saglam-kose-takimi-2.png\" alt=\"\" width=\"914\" height=\"605\" title=\"\" srcset=\"https:\/\/ikincielkoltuktakimi.com\/esya\/wp-content\/uploads\/2024\/07\/saglam-kose-takimi-2.png 914w, https:\/\/ikincielkoltuktakimi.com\/esya\/wp-content\/uploads\/2024\/07\/saglam-kose-takimi-2-300x199.png 300w, https:\/\/ikincielkoltuktakimi.com\/esya\/wp-content\/uploads\/2024\/07\/saglam-kose-takimi-2-768x508.png 768w, https:\/\/ikincielkoltuktakimi.com\/esya\/wp-content\/uploads\/2024\/07\/saglam-kose-takimi-2-600x397.png 600w\" sizes=\"auto, (max-width: 914px) 100vw, 914px\" \/><\/p>\n","protected":false},"excerpt":{"rendered":"<p>sa\u011flam k\u00f6\u015fe tak\u0131m\u0131 2.el k\u00f6\u015fe tak\u0131m\u0131 fiyatlar\u0131<br \/>\nistikbal&#8217;de k\u00f6\u015fe tak\u0131m\u0131 fiyatlar\u0131<br \/>\n2.el k\u00f6\u015fe tak\u0131m\u0131 fiyatlar\u0131 sahibinden<br \/>\nistikbal&#8217;de k\u00f6\u015fe tak\u0131mlar\u0131<br \/>\nSahibinden \u0130ST\u0130KBAL koltuk tak\u0131m\u0131<br \/>\nistikbal koltuk-takimlari fiyatlar\u0131<br \/>\nistikbal koltuk tak\u0131m\u0131 3+3+1+1<br \/>\nistikbal 2. el koltuk tak\u0131m\u0131<\/p>\n","protected":false},"featured_media":468,"template":"","meta":[],"product_brand":[],"product_cat":[33],"product_tag":[],"class_list":{"0":"post-467","1":"product","2":"type-product","3":"status-publish","4":"has-post-thumbnail","6":"product_cat-ikinci-el-kose-koltuk-takimi","8":"first","9":"instock","10":"sale","11":"shipping-taxable","12":"purchasable","13":"product-type-simple"},"_links":{"self":[{"href":"https:\/\/ikincielkoltuktakimi.com\/esya\/wp-json\/wp\/v2\/product\/467","targetHints":{"allow":["GET"]}}],"collection":[{"href":"https:\/\/ikincielkoltuktakimi.com\/esya\/wp-json\/wp\/v2\/product"}],"about":[{"href":"https:\/\/ikincielkoltuktakimi.com\/esya\/wp-json\/wp\/v2\/types\/product"}],"wp:featuredmedia":[{"embeddable":true,"href":"https:\/\/ikincielkoltuktakimi.com\/esya\/wp-json\/wp\/v2\/media\/468"}],"wp:attachment":[{"href":"https:\/\/ikincielkoltuktakimi.com\/esya\/wp-json\/wp\/v2\/media?parent=467"}],"wp:term":[{"taxonomy":"product_brand","embeddable":true,"href":"https:\/\/ikincielkoltuktakimi.com\/esya\/wp-json\/wp\/v2\/product_brand?post=467"},{"taxonomy":"product_cat","embeddable":true,"href":"https:\/\/ikincielkoltuktakimi.com\/esya\/wp-json\/wp\/v2\/product_cat?post=467"},{"taxonomy":"product_tag","embeddable":true,"href":"https:\/\/ikincielkoltuktakimi.com\/esya\/wp-json\/wp\/v2\/product_tag?post=467"}],"curies":[{"name":"wp","href":"https:\/\/api.w.org\/{rel}","templated":true}]}}