{"id":475,"date":"2024-07-21T14:59:38","date_gmt":"2024-07-21T11:59:38","guid":{"rendered":"https:\/\/ikincielkoltuktakimi.com\/esya\/?post_type=product&#038;p=475"},"modified":"2024-07-21T14:59:38","modified_gmt":"2024-07-21T11:59:38","slug":"baca-fan-motoru-ikinci-el-cikma-havalandirma-sistemleri","status":"publish","type":"product","link":"https:\/\/ikincielkoltuktakimi.com\/esya\/urun\/baca-fan-motoru-ikinci-el-cikma-havalandirma-sistemleri\/","title":{"rendered":"Baca fan motoru ikinci el \u00e7\u0131kma havaland\u0131rma sistemleri"},"content":{"rendered":"<p><img loading=\"lazy\" decoding=\"async\" class=\"aligncenter size-full wp-image-476\" src=\"https:\/\/ikincielkoltuktakimi.com\/esya\/wp-content\/uploads\/2024\/07\/Baca-fan-motoru-ikinci-el-1.png\" alt=\"\" width=\"765\" height=\"630\" title=\"\" srcset=\"https:\/\/ikincielkoltuktakimi.com\/esya\/wp-content\/uploads\/2024\/07\/Baca-fan-motoru-ikinci-el-1.png 765w, https:\/\/ikincielkoltuktakimi.com\/esya\/wp-content\/uploads\/2024\/07\/Baca-fan-motoru-ikinci-el-1-300x247.png 300w, https:\/\/ikincielkoltuktakimi.com\/esya\/wp-content\/uploads\/2024\/07\/Baca-fan-motoru-ikinci-el-1-600x494.png 600w\" sizes=\"auto, (max-width: 765px) 100vw, 765px\" \/> <img loading=\"lazy\" decoding=\"async\" class=\"aligncenter size-full wp-image-477\" src=\"https:\/\/ikincielkoltuktakimi.com\/esya\/wp-content\/uploads\/2024\/07\/Baca-fan-motoru-ikinci-el-2.png\" alt=\"\" width=\"764\" height=\"630\" title=\"\" srcset=\"https:\/\/ikincielkoltuktakimi.com\/esya\/wp-content\/uploads\/2024\/07\/Baca-fan-motoru-ikinci-el-2.png 764w, https:\/\/ikincielkoltuktakimi.com\/esya\/wp-content\/uploads\/2024\/07\/Baca-fan-motoru-ikinci-el-2-300x247.png 300w, https:\/\/ikincielkoltuktakimi.com\/esya\/wp-content\/uploads\/2024\/07\/Baca-fan-motoru-ikinci-el-2-600x495.png 600w\" sizes=\"auto, (max-width: 764px) 100vw, 764px\" \/><\/p>\n","protected":false},"excerpt":{"rendered":"<p>Baca fan motoru ikinci el Is\u0131 &#038; Havaland\u0131rma End\u00fcstri \u00dcr\u00fcn\u00fc Fan\u0131 \u00c7eviren Motor ise Gamak 0.75 Kw 1.400 Devirdir. Fan\u0131n Metre K\u00fcp Hacmi ise 4.000 m3 d\u00fcr. Sitemiz de ki Bir Di\u011fer Fan olan \u0130kinci El Salyangoz makineleri s\u0131f\u0131r, ikinci el uygun fiyatlar\u0131yla ilan ve al\u0131\u015fveri\u015fte ilk adres <\/p>\n","protected":false},"featured_media":477,"template":"","meta":[],"product_brand":[],"product_cat":[30],"product_tag":[],"class_list":{"0":"post-475","1":"product","2":"type-product","3":"status-publish","4":"has-post-thumbnail","6":"product_cat-ikinci-el-esya","8":"first","9":"instock","10":"sale","11":"shipping-taxable","12":"purchasable","13":"product-type-simple"},"_links":{"self":[{"href":"https:\/\/ikincielkoltuktakimi.com\/esya\/wp-json\/wp\/v2\/product\/475","targetHints":{"allow":["GET"]}}],"collection":[{"href":"https:\/\/ikincielkoltuktakimi.com\/esya\/wp-json\/wp\/v2\/product"}],"about":[{"href":"https:\/\/ikincielkoltuktakimi.com\/esya\/wp-json\/wp\/v2\/types\/product"}],"wp:featuredmedia":[{"embeddable":true,"href":"https:\/\/ikincielkoltuktakimi.com\/esya\/wp-json\/wp\/v2\/media\/477"}],"wp:attachment":[{"href":"https:\/\/ikincielkoltuktakimi.com\/esya\/wp-json\/wp\/v2\/media?parent=475"}],"wp:term":[{"taxonomy":"product_brand","embeddable":true,"href":"https:\/\/ikincielkoltuktakimi.com\/esya\/wp-json\/wp\/v2\/product_brand?post=475"},{"taxonomy":"product_cat","embeddable":true,"href":"https:\/\/ikincielkoltuktakimi.com\/esya\/wp-json\/wp\/v2\/product_cat?post=475"},{"taxonomy":"product_tag","embeddable":true,"href":"https:\/\/ikincielkoltuktakimi.com\/esya\/wp-json\/wp\/v2\/product_tag?post=475"}],"curies":[{"name":"wp","href":"https:\/\/api.w.org\/{rel}","templated":true}]}}