{"id":478,"date":"2024-07-26T16:49:03","date_gmt":"2024-07-26T13:49:03","guid":{"rendered":"https:\/\/ikincielkoltuktakimi.com\/esya\/?post_type=product&#038;p=478"},"modified":"2024-08-13T10:30:28","modified_gmt":"2024-08-13T07:30:28","slug":"spot-defolu-elbise-dolabi-ikea-marka-saglam-guzel-dolap","status":"publish","type":"product","link":"https:\/\/ikincielkoltuktakimi.com\/esya\/urun\/spot-defolu-elbise-dolabi-ikea-marka-saglam-guzel-dolap\/","title":{"rendered":"spot defolu elbise dolab\u0131 ikea marka sa\u011flam g\u00fczel dolap"},"content":{"rendered":"<p><img loading=\"lazy\" decoding=\"async\" src=\"https:\/\/ikincielkoltuktakimi.com\/esya\/wp-content\/uploads\/2024\/07\/spot-defolu-elbise-dolabi-ikea-marka-1.jpg\" alt=\"\" width=\"717\" height=\"408\" class=\"aligncenter size-full wp-image-479\" title=\"\" srcset=\"https:\/\/ikincielkoltuktakimi.com\/esya\/wp-content\/uploads\/2024\/07\/spot-defolu-elbise-dolabi-ikea-marka-1.jpg 717w, https:\/\/ikincielkoltuktakimi.com\/esya\/wp-content\/uploads\/2024\/07\/spot-defolu-elbise-dolabi-ikea-marka-1-300x171.jpg 300w, https:\/\/ikincielkoltuktakimi.com\/esya\/wp-content\/uploads\/2024\/07\/spot-defolu-elbise-dolabi-ikea-marka-1-600x341.jpg 600w\" sizes=\"auto, (max-width: 717px) 100vw, 717px\" \/><\/p>\n<p><img loading=\"lazy\" decoding=\"async\" src=\"https:\/\/ikincielkoltuktakimi.com\/esya\/wp-content\/uploads\/2024\/07\/spot-defolu-elbise-dolabi-ikea-marka-2.jpg\" alt=\"\" width=\"776\" height=\"692\" class=\"aligncenter size-full wp-image-480\" title=\"\" srcset=\"https:\/\/ikincielkoltuktakimi.com\/esya\/wp-content\/uploads\/2024\/07\/spot-defolu-elbise-dolabi-ikea-marka-2.jpg 776w, https:\/\/ikincielkoltuktakimi.com\/esya\/wp-content\/uploads\/2024\/07\/spot-defolu-elbise-dolabi-ikea-marka-2-300x268.jpg 300w, https:\/\/ikincielkoltuktakimi.com\/esya\/wp-content\/uploads\/2024\/07\/spot-defolu-elbise-dolabi-ikea-marka-2-768x685.jpg 768w, https:\/\/ikincielkoltuktakimi.com\/esya\/wp-content\/uploads\/2024\/07\/spot-defolu-elbise-dolabi-ikea-marka-2-600x535.jpg 600w\" sizes=\"auto, (max-width: 776px) 100vw, 776px\" \/><\/p>\n","protected":false},"excerpt":{"rendered":"<p><strong>spot defolu elbise dolab\u0131 ikea marka Kaliteli:<\/strong> M\u00fc\u015fterilerin \u0130kinci el ve s\u0131f\u0131r gard\u0131rop &amp; elbise dolab\u0131 modelleri farkl\u0131 marka se\u00e7enekleri onayl\u0131 yorumlar\u0131na bak ve garantimizden faydalan, Gard\u0131roplar\u0131n i\u00e7ini d\u00fczenlemek i\u00e7in ihtiyac\u0131n\u0131z olan elbise ask\u0131lar\u0131, KEA Gardrop \u0130kinci el ve s\u0131f\u0131r gard\u0131rop &amp; elbise dolab\u0131 modelleri farkl\u0131 marka Dolap Fiyatlar\u0131 en ucuz fiyat se\u00e7enekleriyle hur\u00e7lar, kutular, giysi ve g\u00fcvenle karar ver. Kolay:<\/p>\n","protected":false},"featured_media":480,"template":"","meta":[],"product_brand":[],"product_cat":[30],"product_tag":[37],"class_list":{"0":"post-478","1":"product","2":"type-product","3":"status-publish","4":"has-post-thumbnail","6":"product_cat-ikinci-el-esya","7":"product_tag-ikinci-el-ikea-koltuk-takimi","9":"first","10":"instock","11":"sale","12":"shipping-taxable","13":"purchasable","14":"product-type-simple"},"_links":{"self":[{"href":"https:\/\/ikincielkoltuktakimi.com\/esya\/wp-json\/wp\/v2\/product\/478","targetHints":{"allow":["GET"]}}],"collection":[{"href":"https:\/\/ikincielkoltuktakimi.com\/esya\/wp-json\/wp\/v2\/product"}],"about":[{"href":"https:\/\/ikincielkoltuktakimi.com\/esya\/wp-json\/wp\/v2\/types\/product"}],"wp:featuredmedia":[{"embeddable":true,"href":"https:\/\/ikincielkoltuktakimi.com\/esya\/wp-json\/wp\/v2\/media\/480"}],"wp:attachment":[{"href":"https:\/\/ikincielkoltuktakimi.com\/esya\/wp-json\/wp\/v2\/media?parent=478"}],"wp:term":[{"taxonomy":"product_brand","embeddable":true,"href":"https:\/\/ikincielkoltuktakimi.com\/esya\/wp-json\/wp\/v2\/product_brand?post=478"},{"taxonomy":"product_cat","embeddable":true,"href":"https:\/\/ikincielkoltuktakimi.com\/esya\/wp-json\/wp\/v2\/product_cat?post=478"},{"taxonomy":"product_tag","embeddable":true,"href":"https:\/\/ikincielkoltuktakimi.com\/esya\/wp-json\/wp\/v2\/product_tag?post=478"}],"curies":[{"name":"wp","href":"https:\/\/api.w.org\/{rel}","templated":true}]}}