{"id":486,"date":"2024-07-30T16:18:28","date_gmt":"2024-07-30T13:18:28","guid":{"rendered":"https:\/\/ikincielkoltuktakimi.com\/esya\/?post_type=product&#038;p=486"},"modified":"2024-07-30T16:18:28","modified_gmt":"2024-07-30T13:18:28","slug":"spot-koltuk-takimi-salon-ve-oturma-odasi-dekorasyonlarinin-kilit-nesnesi-olan","status":"publish","type":"product","link":"https:\/\/ikincielkoltuktakimi.com\/esya\/urun\/spot-koltuk-takimi-salon-ve-oturma-odasi-dekorasyonlarinin-kilit-nesnesi-olan\/","title":{"rendered":"Spot koltuk tak\u0131m\u0131 Salon ve oturma odas\u0131 dekorasyonlar\u0131n\u0131n kilit nesnesi olan"},"content":{"rendered":"<p><img loading=\"lazy\" decoding=\"async\" class=\"aligncenter size-full wp-image-485\" src=\"https:\/\/ikincielkoltuktakimi.com\/esya\/wp-content\/uploads\/2024\/07\/spot-koltuk-takimi-2.jpg\" alt=\"\" width=\"2048\" height=\"1536\" title=\"\" srcset=\"https:\/\/ikincielkoltuktakimi.com\/esya\/wp-content\/uploads\/2024\/07\/spot-koltuk-takimi-2.jpg 2048w, https:\/\/ikincielkoltuktakimi.com\/esya\/wp-content\/uploads\/2024\/07\/spot-koltuk-takimi-2-300x225.jpg 300w, https:\/\/ikincielkoltuktakimi.com\/esya\/wp-content\/uploads\/2024\/07\/spot-koltuk-takimi-2-1024x768.jpg 1024w, https:\/\/ikincielkoltuktakimi.com\/esya\/wp-content\/uploads\/2024\/07\/spot-koltuk-takimi-2-768x576.jpg 768w, https:\/\/ikincielkoltuktakimi.com\/esya\/wp-content\/uploads\/2024\/07\/spot-koltuk-takimi-2-1536x1152.jpg 1536w, https:\/\/ikincielkoltuktakimi.com\/esya\/wp-content\/uploads\/2024\/07\/spot-koltuk-takimi-2-160x120.jpg 160w, https:\/\/ikincielkoltuktakimi.com\/esya\/wp-content\/uploads\/2024\/07\/spot-koltuk-takimi-2-600x450.jpg 600w\" sizes=\"auto, (max-width: 2048px) 100vw, 2048px\" \/> <img loading=\"lazy\" decoding=\"async\" class=\"aligncenter size-full wp-image-484\" src=\"https:\/\/ikincielkoltuktakimi.com\/esya\/wp-content\/uploads\/2024\/07\/spot-koltuk-takimi-1.jpg\" alt=\"\" width=\"2048\" height=\"1536\" title=\"\" srcset=\"https:\/\/ikincielkoltuktakimi.com\/esya\/wp-content\/uploads\/2024\/07\/spot-koltuk-takimi-1.jpg 2048w, https:\/\/ikincielkoltuktakimi.com\/esya\/wp-content\/uploads\/2024\/07\/spot-koltuk-takimi-1-300x225.jpg 300w, https:\/\/ikincielkoltuktakimi.com\/esya\/wp-content\/uploads\/2024\/07\/spot-koltuk-takimi-1-1024x768.jpg 1024w, https:\/\/ikincielkoltuktakimi.com\/esya\/wp-content\/uploads\/2024\/07\/spot-koltuk-takimi-1-768x576.jpg 768w, https:\/\/ikincielkoltuktakimi.com\/esya\/wp-content\/uploads\/2024\/07\/spot-koltuk-takimi-1-1536x1152.jpg 1536w, https:\/\/ikincielkoltuktakimi.com\/esya\/wp-content\/uploads\/2024\/07\/spot-koltuk-takimi-1-160x120.jpg 160w, https:\/\/ikincielkoltuktakimi.com\/esya\/wp-content\/uploads\/2024\/07\/spot-koltuk-takimi-1-600x450.jpg 600w\" sizes=\"auto, (max-width: 2048px) 100vw, 2048px\" \/> <img loading=\"lazy\" decoding=\"async\" class=\"aligncenter size-full wp-image-483\" src=\"https:\/\/ikincielkoltuktakimi.com\/esya\/wp-content\/uploads\/2024\/07\/spot-koltuk-takimi-3.jpg\" alt=\"\" width=\"1536\" height=\"2048\" title=\"\" srcset=\"https:\/\/ikincielkoltuktakimi.com\/esya\/wp-content\/uploads\/2024\/07\/spot-koltuk-takimi-3.jpg 1536w, https:\/\/ikincielkoltuktakimi.com\/esya\/wp-content\/uploads\/2024\/07\/spot-koltuk-takimi-3-225x300.jpg 225w, https:\/\/ikincielkoltuktakimi.com\/esya\/wp-content\/uploads\/2024\/07\/spot-koltuk-takimi-3-768x1024.jpg 768w, https:\/\/ikincielkoltuktakimi.com\/esya\/wp-content\/uploads\/2024\/07\/spot-koltuk-takimi-3-1152x1536.jpg 1152w, https:\/\/ikincielkoltuktakimi.com\/esya\/wp-content\/uploads\/2024\/07\/spot-koltuk-takimi-3-600x800.jpg 600w\" sizes=\"auto, (max-width: 1536px) 100vw, 1536px\" \/><\/p>\n","protected":false},"excerpt":{"rendered":"<p>spot koltuk tak\u0131m\u0131 Antika mobilya, oyuncak, aksesuar ve tekstil gibi Salon ve oturma odas\u0131 dekorasyonlar\u0131n\u0131n kilit nesnesi olan, birbirinden \u015f\u0131k koltuk tak\u0131m\u0131 antika \u00fcr\u00fcnlerini, ikinci el ve s\u0131f\u0131r Koltuk tak\u0131m\u0131, Yemek Odas\u0131, Yatak odas\u0131, ah\u015fap mobilya, l\u00fcks Saatleriniz f\u0131rsatlar\u0131n\u0131<\/p>\n","protected":false},"featured_media":483,"template":"","meta":[],"product_brand":[],"product_cat":[32],"product_tag":[],"class_list":{"0":"post-486","1":"product","2":"type-product","3":"status-publish","4":"has-post-thumbnail","6":"product_cat-spot-koltuk-takimi","8":"first","9":"instock","10":"sale","11":"shipping-taxable","12":"purchasable","13":"product-type-simple"},"_links":{"self":[{"href":"https:\/\/ikincielkoltuktakimi.com\/esya\/wp-json\/wp\/v2\/product\/486","targetHints":{"allow":["GET"]}}],"collection":[{"href":"https:\/\/ikincielkoltuktakimi.com\/esya\/wp-json\/wp\/v2\/product"}],"about":[{"href":"https:\/\/ikincielkoltuktakimi.com\/esya\/wp-json\/wp\/v2\/types\/product"}],"wp:featuredmedia":[{"embeddable":true,"href":"https:\/\/ikincielkoltuktakimi.com\/esya\/wp-json\/wp\/v2\/media\/483"}],"wp:attachment":[{"href":"https:\/\/ikincielkoltuktakimi.com\/esya\/wp-json\/wp\/v2\/media?parent=486"}],"wp:term":[{"taxonomy":"product_brand","embeddable":true,"href":"https:\/\/ikincielkoltuktakimi.com\/esya\/wp-json\/wp\/v2\/product_brand?post=486"},{"taxonomy":"product_cat","embeddable":true,"href":"https:\/\/ikincielkoltuktakimi.com\/esya\/wp-json\/wp\/v2\/product_cat?post=486"},{"taxonomy":"product_tag","embeddable":true,"href":"https:\/\/ikincielkoltuktakimi.com\/esya\/wp-json\/wp\/v2\/product_tag?post=486"}],"curies":[{"name":"wp","href":"https:\/\/api.w.org\/{rel}","templated":true}]}}