{"id":492,"date":"2024-08-07T14:44:42","date_gmt":"2024-08-07T11:44:42","guid":{"rendered":"https:\/\/ikincielkoltuktakimi.com\/esya\/?post_type=product&#038;p=492"},"modified":"2024-08-07T14:44:42","modified_gmt":"2024-08-07T11:44:42","slug":"cikma-isitmali-koltuk-isitmali-arac-koltugu-elektirik-ve-hafiza","status":"publish","type":"product","link":"https:\/\/ikincielkoltuktakimi.com\/esya\/urun\/cikma-isitmali-koltuk-isitmali-arac-koltugu-elektirik-ve-hafiza\/","title":{"rendered":"\u00c7IKMA ISITMALI KOLTUK \u0131s\u0131tmal\u0131 ara\u00e7 koltu\u011fu ELEKT\u0130R\u0130K VE HAFIZA"},"content":{"rendered":"<p><img loading=\"lazy\" decoding=\"async\" src=\"https:\/\/ikincielkoltuktakimi.com\/esya\/wp-content\/uploads\/2024\/08\/CIKMA-ISITMALI-KOLTUK-3.png\" alt=\"\" width=\"630\" height=\"631\" class=\"aligncenter size-full wp-image-493\" title=\"\" srcset=\"https:\/\/ikincielkoltuktakimi.com\/esya\/wp-content\/uploads\/2024\/08\/CIKMA-ISITMALI-KOLTUK-3.png 630w, https:\/\/ikincielkoltuktakimi.com\/esya\/wp-content\/uploads\/2024\/08\/CIKMA-ISITMALI-KOLTUK-3-300x300.png 300w, https:\/\/ikincielkoltuktakimi.com\/esya\/wp-content\/uploads\/2024\/08\/CIKMA-ISITMALI-KOLTUK-3-150x150.png 150w, https:\/\/ikincielkoltuktakimi.com\/esya\/wp-content\/uploads\/2024\/08\/CIKMA-ISITMALI-KOLTUK-3-600x601.png 600w, https:\/\/ikincielkoltuktakimi.com\/esya\/wp-content\/uploads\/2024\/08\/CIKMA-ISITMALI-KOLTUK-3-100x100.png 100w\" sizes=\"auto, (max-width: 630px) 100vw, 630px\" \/><\/p>\n<p><img loading=\"lazy\" decoding=\"async\" src=\"https:\/\/ikincielkoltuktakimi.com\/esya\/wp-content\/uploads\/2024\/08\/CIKMA-ISITMALI-KOLTUK-1.png\" alt=\"\" width=\"970\" height=\"628\" class=\"aligncenter size-full wp-image-494\" title=\"\" srcset=\"https:\/\/ikincielkoltuktakimi.com\/esya\/wp-content\/uploads\/2024\/08\/CIKMA-ISITMALI-KOLTUK-1.png 970w, https:\/\/ikincielkoltuktakimi.com\/esya\/wp-content\/uploads\/2024\/08\/CIKMA-ISITMALI-KOLTUK-1-300x194.png 300w, https:\/\/ikincielkoltuktakimi.com\/esya\/wp-content\/uploads\/2024\/08\/CIKMA-ISITMALI-KOLTUK-1-768x497.png 768w, https:\/\/ikincielkoltuktakimi.com\/esya\/wp-content\/uploads\/2024\/08\/CIKMA-ISITMALI-KOLTUK-1-600x388.png 600w\" sizes=\"auto, (max-width: 970px) 100vw, 970px\" \/><\/p>\n<p><img loading=\"lazy\" decoding=\"async\" src=\"https:\/\/ikincielkoltuktakimi.com\/esya\/wp-content\/uploads\/2024\/08\/CIKMA-ISITMALI-KOLTUK-2.png\" alt=\"\" width=\"741\" height=\"633\" class=\"aligncenter size-full wp-image-495\" title=\"\" srcset=\"https:\/\/ikincielkoltuktakimi.com\/esya\/wp-content\/uploads\/2024\/08\/CIKMA-ISITMALI-KOLTUK-2.png 741w, https:\/\/ikincielkoltuktakimi.com\/esya\/wp-content\/uploads\/2024\/08\/CIKMA-ISITMALI-KOLTUK-2-300x256.png 300w, https:\/\/ikincielkoltuktakimi.com\/esya\/wp-content\/uploads\/2024\/08\/CIKMA-ISITMALI-KOLTUK-2-600x513.png 600w\" sizes=\"auto, (max-width: 741px) 100vw, 741px\" \/><\/p>\n","protected":false},"excerpt":{"rendered":"<p>\u00c7IKMA ISITMALI KOLTUK \u0130kinci El Koltuk \u0130\u00e7 Aksesuar Otomobil &#038; Arazi Arac\u0131 \u00dcr\u00fcn Modelleri S\u0131f\u0131r ve ikinci el olarak koltuk sat\u0131\u015f\u0131m\u0131z bulunmaktad\u0131r. \u0130lgili \u00fcr\u00fcnler. Crafter 2013 model Orjinal <\/p>\n","protected":false},"featured_media":494,"template":"","meta":[],"product_brand":[],"product_cat":[15],"product_tag":[],"class_list":{"0":"post-492","1":"product","2":"type-product","3":"status-publish","4":"has-post-thumbnail","6":"product_cat-ikinci-el-koltuk-takimi","8":"first","9":"instock","10":"sale","11":"shipping-taxable","12":"purchasable","13":"product-type-simple"},"_links":{"self":[{"href":"https:\/\/ikincielkoltuktakimi.com\/esya\/wp-json\/wp\/v2\/product\/492","targetHints":{"allow":["GET"]}}],"collection":[{"href":"https:\/\/ikincielkoltuktakimi.com\/esya\/wp-json\/wp\/v2\/product"}],"about":[{"href":"https:\/\/ikincielkoltuktakimi.com\/esya\/wp-json\/wp\/v2\/types\/product"}],"wp:featuredmedia":[{"embeddable":true,"href":"https:\/\/ikincielkoltuktakimi.com\/esya\/wp-json\/wp\/v2\/media\/494"}],"wp:attachment":[{"href":"https:\/\/ikincielkoltuktakimi.com\/esya\/wp-json\/wp\/v2\/media?parent=492"}],"wp:term":[{"taxonomy":"product_brand","embeddable":true,"href":"https:\/\/ikincielkoltuktakimi.com\/esya\/wp-json\/wp\/v2\/product_brand?post=492"},{"taxonomy":"product_cat","embeddable":true,"href":"https:\/\/ikincielkoltuktakimi.com\/esya\/wp-json\/wp\/v2\/product_cat?post=492"},{"taxonomy":"product_tag","embeddable":true,"href":"https:\/\/ikincielkoltuktakimi.com\/esya\/wp-json\/wp\/v2\/product_tag?post=492"}],"curies":[{"name":"wp","href":"https:\/\/api.w.org\/{rel}","templated":true}]}}