{"id":501,"date":"2024-08-20T12:32:32","date_gmt":"2024-08-20T09:32:32","guid":{"rendered":"https:\/\/ikincielkoltuktakimi.com\/esya\/?post_type=product&#038;p=501"},"modified":"2024-08-20T12:32:32","modified_gmt":"2024-08-20T09:32:32","slug":"spot-pimas-boru-sifir-su-borusu-toptan-satis-kamyon-bazinda","status":"publish","type":"product","link":"https:\/\/ikincielkoltuktakimi.com\/esya\/urun\/spot-pimas-boru-sifir-su-borusu-toptan-satis-kamyon-bazinda\/","title":{"rendered":"Spot pima\u015f boru s\u0131f\u0131r su borusu toptan sat\u0131\u015f kamyon baz\u0131nda"},"content":{"rendered":"<p><img loading=\"lazy\" decoding=\"async\" src=\"https:\/\/ikincielkoltuktakimi.com\/esya\/wp-content\/uploads\/2024\/08\/Spot-pimas-boru-sifir-su-borusu-2.png\" alt=\"\" width=\"970\" height=\"622\" class=\"aligncenter size-full wp-image-502\" title=\"\" srcset=\"https:\/\/ikincielkoltuktakimi.com\/esya\/wp-content\/uploads\/2024\/08\/Spot-pimas-boru-sifir-su-borusu-2.png 970w, https:\/\/ikincielkoltuktakimi.com\/esya\/wp-content\/uploads\/2024\/08\/Spot-pimas-boru-sifir-su-borusu-2-300x192.png 300w, https:\/\/ikincielkoltuktakimi.com\/esya\/wp-content\/uploads\/2024\/08\/Spot-pimas-boru-sifir-su-borusu-2-768x492.png 768w, https:\/\/ikincielkoltuktakimi.com\/esya\/wp-content\/uploads\/2024\/08\/Spot-pimas-boru-sifir-su-borusu-2-600x385.png 600w\" sizes=\"auto, (max-width: 970px) 100vw, 970px\" \/><\/p>\n<p><img loading=\"lazy\" decoding=\"async\" src=\"https:\/\/ikincielkoltuktakimi.com\/esya\/wp-content\/uploads\/2024\/08\/Spot-pimas-boru-sifir-su-borusu-1.png\" alt=\"\" width=\"955\" height=\"616\" class=\"aligncenter size-full wp-image-503\" title=\"\" srcset=\"https:\/\/ikincielkoltuktakimi.com\/esya\/wp-content\/uploads\/2024\/08\/Spot-pimas-boru-sifir-su-borusu-1.png 955w, https:\/\/ikincielkoltuktakimi.com\/esya\/wp-content\/uploads\/2024\/08\/Spot-pimas-boru-sifir-su-borusu-1-300x194.png 300w, https:\/\/ikincielkoltuktakimi.com\/esya\/wp-content\/uploads\/2024\/08\/Spot-pimas-boru-sifir-su-borusu-1-768x495.png 768w, https:\/\/ikincielkoltuktakimi.com\/esya\/wp-content\/uploads\/2024\/08\/Spot-pimas-boru-sifir-su-borusu-1-600x387.png 600w\" sizes=\"auto, (max-width: 955px) 100vw, 955px\" \/><\/p>\n","protected":false},"excerpt":{"rendered":"<p>Spot pima\u015f boru s\u0131f\u0131r su borusu Pima\u015f Boru fiyatlar\u0131, pima\u015f boru modelleri ve pima\u015f boru \u00e7e\u015fitleri burada &#8230; Kalde Pvc At\u0131k Su Borusu Pima\u015f Boru 3,2 Mm Kal\u0131nl\u0131k 50X 250.<\/p>\n","protected":false},"featured_media":503,"template":"","meta":[],"product_brand":[],"product_cat":[32],"product_tag":[],"class_list":{"0":"post-501","1":"product","2":"type-product","3":"status-publish","4":"has-post-thumbnail","6":"product_cat-spot-koltuk-takimi","8":"first","9":"instock","10":"sale","11":"shipping-taxable","12":"purchasable","13":"product-type-simple"},"_links":{"self":[{"href":"https:\/\/ikincielkoltuktakimi.com\/esya\/wp-json\/wp\/v2\/product\/501","targetHints":{"allow":["GET"]}}],"collection":[{"href":"https:\/\/ikincielkoltuktakimi.com\/esya\/wp-json\/wp\/v2\/product"}],"about":[{"href":"https:\/\/ikincielkoltuktakimi.com\/esya\/wp-json\/wp\/v2\/types\/product"}],"wp:featuredmedia":[{"embeddable":true,"href":"https:\/\/ikincielkoltuktakimi.com\/esya\/wp-json\/wp\/v2\/media\/503"}],"wp:attachment":[{"href":"https:\/\/ikincielkoltuktakimi.com\/esya\/wp-json\/wp\/v2\/media?parent=501"}],"wp:term":[{"taxonomy":"product_brand","embeddable":true,"href":"https:\/\/ikincielkoltuktakimi.com\/esya\/wp-json\/wp\/v2\/product_brand?post=501"},{"taxonomy":"product_cat","embeddable":true,"href":"https:\/\/ikincielkoltuktakimi.com\/esya\/wp-json\/wp\/v2\/product_cat?post=501"},{"taxonomy":"product_tag","embeddable":true,"href":"https:\/\/ikincielkoltuktakimi.com\/esya\/wp-json\/wp\/v2\/product_tag?post=501"}],"curies":[{"name":"wp","href":"https:\/\/api.w.org\/{rel}","templated":true}]}}