{"id":509,"date":"2024-08-28T14:24:40","date_gmt":"2024-08-28T11:24:40","guid":{"rendered":"https:\/\/ikincielkoltuktakimi.com\/esya\/?post_type=product&#038;p=509"},"modified":"2024-08-28T14:24:40","modified_gmt":"2024-08-28T11:24:40","slug":"idas-king-size-yatak-ikinci-el-temiz-durumda-idas-yatak-baza","status":"publish","type":"product","link":"https:\/\/ikincielkoltuktakimi.com\/esya\/urun\/idas-king-size-yatak-ikinci-el-temiz-durumda-idas-yatak-baza\/","title":{"rendered":"Idas king size yatak ikinci el temiz durumda ida\u015f yatak baza"},"content":{"rendered":"<p><strong>Ida\u015f en rahat yatak hangisi?<\/strong><br \/>\nTek Ki\u015filik ve \u00c7ift Ki\u015filik Yatak Modelleri<br \/>\nSmart yay teknolojisine sahip olan \u00fcr\u00fcnler rahat bir uykunun temsilcisi olurken visco destekli yataklar v\u00fccut formunuza uygun olarak \u015fekil al\u0131r. Y\u0131kanabilir pedli yataklar ise hijyenik bir deneyim sunar.<\/p>\n","protected":false},"excerpt":{"rendered":"<p>Idas king size yatak ikinci el IDAS YATAK TEK K\u0130\u015e\u0130L\u0130K Fiyatlara yatak, baza, ba\u015fl\u0131k, karyola, set, mobilya ve tekstil \u00fcr\u00fcn gruplar\u0131nda %8 KDV dahildir IDAS YATAK TEK K\u0130\u015e\u0130L\u0130K. 500 TL. Ayd\u0131n, Didim \u00b7 YATAK ALTI \u0130DA\u015e Tek ki\u015filik ve \u00e7ift ki\u015filik yatak modelleri aras\u0131nda se\u00e7im yaparken, \u0130da\u015f&#8217;\u0131n birbirinden \u015f\u0131k YATAK ALTI \u0130DA\u015e<\/p>\n","protected":false},"featured_media":511,"template":"","meta":[],"product_brand":[],"product_cat":[15],"product_tag":[],"class_list":{"0":"post-509","1":"product","2":"type-product","3":"status-publish","4":"has-post-thumbnail","6":"product_cat-ikinci-el-koltuk-takimi","8":"first","9":"instock","10":"sale","11":"shipping-taxable","12":"purchasable","13":"product-type-simple"},"_links":{"self":[{"href":"https:\/\/ikincielkoltuktakimi.com\/esya\/wp-json\/wp\/v2\/product\/509","targetHints":{"allow":["GET"]}}],"collection":[{"href":"https:\/\/ikincielkoltuktakimi.com\/esya\/wp-json\/wp\/v2\/product"}],"about":[{"href":"https:\/\/ikincielkoltuktakimi.com\/esya\/wp-json\/wp\/v2\/types\/product"}],"wp:featuredmedia":[{"embeddable":true,"href":"https:\/\/ikincielkoltuktakimi.com\/esya\/wp-json\/wp\/v2\/media\/511"}],"wp:attachment":[{"href":"https:\/\/ikincielkoltuktakimi.com\/esya\/wp-json\/wp\/v2\/media?parent=509"}],"wp:term":[{"taxonomy":"product_brand","embeddable":true,"href":"https:\/\/ikincielkoltuktakimi.com\/esya\/wp-json\/wp\/v2\/product_brand?post=509"},{"taxonomy":"product_cat","embeddable":true,"href":"https:\/\/ikincielkoltuktakimi.com\/esya\/wp-json\/wp\/v2\/product_cat?post=509"},{"taxonomy":"product_tag","embeddable":true,"href":"https:\/\/ikincielkoltuktakimi.com\/esya\/wp-json\/wp\/v2\/product_tag?post=509"}],"curies":[{"name":"wp","href":"https:\/\/api.w.org\/{rel}","templated":true}]}}