{"id":518,"date":"2024-10-07T17:59:17","date_gmt":"2024-10-07T14:59:17","guid":{"rendered":"https:\/\/ikincielkoltuktakimi.com\/esya\/?post_type=product&#038;p=518"},"modified":"2024-10-07T17:59:18","modified_gmt":"2024-10-07T14:59:18","slug":"ikea-soderhamn-kose-koltuk-ve-puf-temiz-koltuklar","status":"publish","type":"product","link":"https:\/\/ikincielkoltuktakimi.com\/esya\/urun\/ikea-soderhamn-kose-koltuk-ve-puf-temiz-koltuklar\/","title":{"rendered":"ikea s\u00f6derhamn k\u00f6\u015fe koltuk ve puf temiz koltuklar"},"content":{"rendered":"","protected":false},"excerpt":{"rendered":"<p>ikea s\u00f6derhamn k\u00f6\u015fe koltuk ve puf \u0130kea Parub L koltuk. 10.000 TL. \u0130stanbul, Maltepe. 4l\u00fc orijinal \u0130kinci El Ikea Koltuk modelleri en uygun fiyatlar ile Dekopasaj&#8217;da! T\u0131kla, 2. el Ikea Koltuk s\u00f6derhamn IKEA k\u00f6\u015fe koltuk Acil! IKEA SODERHAMN L K\u00d6\u015eE KOLTUK. 14.000 TL. IKEA SODERHAMN L K\u00d6 &#8230; \u0130kinci El Mobilya 4l\u00fc orijinal s\u00f6derhamn IKEA k\u00f6\u015fe koltuk<\/p>\n","protected":false},"featured_media":520,"template":"","meta":[],"product_brand":[],"product_cat":[15],"product_tag":[37],"class_list":{"0":"post-518","1":"product","2":"type-product","3":"status-publish","4":"has-post-thumbnail","6":"product_cat-ikinci-el-koltuk-takimi","7":"product_tag-ikinci-el-ikea-koltuk-takimi","9":"first","10":"instock","11":"sale","12":"shipping-taxable","13":"purchasable","14":"product-type-simple"},"_links":{"self":[{"href":"https:\/\/ikincielkoltuktakimi.com\/esya\/wp-json\/wp\/v2\/product\/518","targetHints":{"allow":["GET"]}}],"collection":[{"href":"https:\/\/ikincielkoltuktakimi.com\/esya\/wp-json\/wp\/v2\/product"}],"about":[{"href":"https:\/\/ikincielkoltuktakimi.com\/esya\/wp-json\/wp\/v2\/types\/product"}],"wp:featuredmedia":[{"embeddable":true,"href":"https:\/\/ikincielkoltuktakimi.com\/esya\/wp-json\/wp\/v2\/media\/520"}],"wp:attachment":[{"href":"https:\/\/ikincielkoltuktakimi.com\/esya\/wp-json\/wp\/v2\/media?parent=518"}],"wp:term":[{"taxonomy":"product_brand","embeddable":true,"href":"https:\/\/ikincielkoltuktakimi.com\/esya\/wp-json\/wp\/v2\/product_brand?post=518"},{"taxonomy":"product_cat","embeddable":true,"href":"https:\/\/ikincielkoltuktakimi.com\/esya\/wp-json\/wp\/v2\/product_cat?post=518"},{"taxonomy":"product_tag","embeddable":true,"href":"https:\/\/ikincielkoltuktakimi.com\/esya\/wp-json\/wp\/v2\/product_tag?post=518"}],"curies":[{"name":"wp","href":"https:\/\/api.w.org\/{rel}","templated":true}]}}