{"id":544,"date":"2025-07-05T18:47:12","date_gmt":"2025-07-05T15:47:12","guid":{"rendered":"https:\/\/ikincielkoltuktakimi.com\/esya\/?post_type=product&#038;p=544"},"modified":"2025-07-05T18:47:35","modified_gmt":"2025-07-05T15:47:35","slug":"2-el-koltuk-takimi-koltuk-takimlari-ve-oturma-gruplari-bohem-koltuk-takim","status":"publish","type":"product","link":"https:\/\/ikincielkoltuktakimi.com\/esya\/urun\/2-el-koltuk-takimi-koltuk-takimlari-ve-oturma-gruplari-bohem-koltuk-takim\/","title":{"rendered":"2. El Koltuk Tak\u0131m\u0131 Koltuk Tak\u0131mlar\u0131 ve Oturma Gruplar\u0131 BOHEM KOLTUK TAKIM"},"content":{"rendered":"<p><img loading=\"lazy\" decoding=\"async\" src=\"https:\/\/ikincielkoltuktakimi.com\/esya\/wp-content\/uploads\/2025\/07\/2.-El-Temiz-Kullanilmis-Koltuk-Takimi-2.png\" alt=\"\" width=\"835\" height=\"625\" class=\"aligncenter size-full wp-image-547\" title=\"\" srcset=\"https:\/\/ikincielkoltuktakimi.com\/esya\/wp-content\/uploads\/2025\/07\/2.-El-Temiz-Kullanilmis-Koltuk-Takimi-2.png 835w, https:\/\/ikincielkoltuktakimi.com\/esya\/wp-content\/uploads\/2025\/07\/2.-El-Temiz-Kullanilmis-Koltuk-Takimi-2-300x225.png 300w, https:\/\/ikincielkoltuktakimi.com\/esya\/wp-content\/uploads\/2025\/07\/2.-El-Temiz-Kullanilmis-Koltuk-Takimi-2-768x575.png 768w, https:\/\/ikincielkoltuktakimi.com\/esya\/wp-content\/uploads\/2025\/07\/2.-El-Temiz-Kullanilmis-Koltuk-Takimi-2-160x120.png 160w, https:\/\/ikincielkoltuktakimi.com\/esya\/wp-content\/uploads\/2025\/07\/2.-El-Temiz-Kullanilmis-Koltuk-Takimi-2-600x449.png 600w\" sizes=\"auto, (max-width: 835px) 100vw, 835px\" \/><\/p>\n<p><img loading=\"lazy\" decoding=\"async\" src=\"https:\/\/ikincielkoltuktakimi.com\/esya\/wp-content\/uploads\/2025\/07\/2.-El-Temiz-Kullanilmis-Koltuk-Takimi-1.png\" alt=\"\" width=\"839\" height=\"620\" class=\"aligncenter size-full wp-image-546\" title=\"\" srcset=\"https:\/\/ikincielkoltuktakimi.com\/esya\/wp-content\/uploads\/2025\/07\/2.-El-Temiz-Kullanilmis-Koltuk-Takimi-1.png 839w, https:\/\/ikincielkoltuktakimi.com\/esya\/wp-content\/uploads\/2025\/07\/2.-El-Temiz-Kullanilmis-Koltuk-Takimi-1-300x222.png 300w, https:\/\/ikincielkoltuktakimi.com\/esya\/wp-content\/uploads\/2025\/07\/2.-El-Temiz-Kullanilmis-Koltuk-Takimi-1-768x568.png 768w, https:\/\/ikincielkoltuktakimi.com\/esya\/wp-content\/uploads\/2025\/07\/2.-El-Temiz-Kullanilmis-Koltuk-Takimi-1-600x443.png 600w\" sizes=\"auto, (max-width: 839px) 100vw, 839px\" \/><\/p>\n","protected":false},"excerpt":{"rendered":"<p>2. El Temiz Kullan\u0131lm\u0131\u015f Koltuk Tak\u0131m\u0131 Koltuk Tak\u0131mlar\u0131 ve Oturma Gruplar\u0131 Koltuk Tak\u0131m\u0131 \u2013 \u00dcnal Spot Mersin \u0130kinci El E\u015fyada G\u00fcvenin Adresi\u2026 \u00c7ama\u015f\u0131r Makinesi, Bula\u015f\u0131k Makinesi, Buzdolab\u0131, Televizyon, Klima, K\u00fc\u00e7\u00fck Ev Aletleri, Yatak Odas\u0131, Salon Tak\u0131m\u0131, \u00c7ocuk Bebek Gen\u00e7 Odalar\u0131, Oturma -24999TL BOHEM KOLTUK TAKIM<\/p>\n","protected":false},"featured_media":545,"template":"","meta":[],"product_brand":[],"product_cat":[15],"product_tag":[],"class_list":{"0":"post-544","1":"product","2":"type-product","3":"status-publish","4":"has-post-thumbnail","6":"product_cat-ikinci-el-koltuk-takimi","8":"first","9":"instock","10":"sale","11":"shipping-taxable","12":"purchasable","13":"product-type-simple"},"_links":{"self":[{"href":"https:\/\/ikincielkoltuktakimi.com\/esya\/wp-json\/wp\/v2\/product\/544","targetHints":{"allow":["GET"]}}],"collection":[{"href":"https:\/\/ikincielkoltuktakimi.com\/esya\/wp-json\/wp\/v2\/product"}],"about":[{"href":"https:\/\/ikincielkoltuktakimi.com\/esya\/wp-json\/wp\/v2\/types\/product"}],"wp:featuredmedia":[{"embeddable":true,"href":"https:\/\/ikincielkoltuktakimi.com\/esya\/wp-json\/wp\/v2\/media\/545"}],"wp:attachment":[{"href":"https:\/\/ikincielkoltuktakimi.com\/esya\/wp-json\/wp\/v2\/media?parent=544"}],"wp:term":[{"taxonomy":"product_brand","embeddable":true,"href":"https:\/\/ikincielkoltuktakimi.com\/esya\/wp-json\/wp\/v2\/product_brand?post=544"},{"taxonomy":"product_cat","embeddable":true,"href":"https:\/\/ikincielkoltuktakimi.com\/esya\/wp-json\/wp\/v2\/product_cat?post=544"},{"taxonomy":"product_tag","embeddable":true,"href":"https:\/\/ikincielkoltuktakimi.com\/esya\/wp-json\/wp\/v2\/product_tag?post=544"}],"curies":[{"name":"wp","href":"https:\/\/api.w.org\/{rel}","templated":true}]}}