{"id":549,"date":"2025-08-08T15:26:09","date_gmt":"2025-08-08T12:26:09","guid":{"rendered":"https:\/\/ikincielkoltuktakimi.com\/esya\/?post_type=product&#038;p=549"},"modified":"2025-08-08T15:26:09","modified_gmt":"2025-08-08T12:26:09","slug":"spot-garantisi-ve-guvencesi-ile-ikinci-el-koltuk-takimlari","status":"publish","type":"product","link":"https:\/\/ikincielkoltuktakimi.com\/esya\/urun\/spot-garantisi-ve-guvencesi-ile-ikinci-el-koltuk-takimlari\/","title":{"rendered":"Spot garantisi ve g\u00fcvencesi ile \u0130kinci El Koltuk Tak\u0131mlar\u0131"},"content":{"rendered":"<p>L koltuk tak\u0131m\u0131 kullan\u0131\u015fl\u0131 m\u0131?<br \/>\nL koltuklar\u0131n veya k\u00f6\u015fe tak\u0131mlar\u0131n\u0131n bilinen en iyi avantaj\u0131 alan verimlili\u011fidir. Sabit bir \u015fekle sahip normal bir kanepenin aksine yerle\u015ftirilecekleri alana uyacak \u015fekilde kal\u0131planabilir. Kanepe ve koltuk gibi olu\u015fumun bazen getirdi\u011fi da\u011f\u0131n\u0131kl\u0131\u011f\u0131 en aza indirerek az yer kaplarken, maksimum oturma alan\u0131 sa\u011flar.<\/p>\n<p>Koltuk tak\u0131m\u0131 ka\u00e7 liraya d\u00f6\u015fenir?<br \/>\nKadife: 350 TL \u2013 1.000 TL\/m\u00b2 Suni deri : 250 TL \u2013 800 TL\/m\u00b2 Hakiki deri : 2.000 TL \u2013 5.000 TL\/m\u00b2 Pati dostu : 500 TL\/m\u00b2<\/p>\n","protected":false},"excerpt":{"rendered":"<p>\u0130kinci El Koltuk Tak\u0131mlar\u0131 \u0130kinci El Koltuk Tak\u0131mlar\u0131 2 el koltuk tak\u0131m\u0131 kaliteli modeller, uygun fiyatlar, h\u0131zl\u0131 kargo garantisi ve Koltuk tak\u0131m\u0131 ka\u00e7 liraya d\u00f6\u015fenir?<br \/>\nL koltuk tak\u0131m\u0131 kullan\u0131\u015fl\u0131 m\u0131?<br \/>\nModalife koltuk tak\u0131m\u0131 ka\u00e7 para?<br \/>\nKoltuk ka\u00e7 sene kullan\u0131l\u0131r?<br \/>\n g\u00fcvencesiyle seni<\/p>\n","protected":false},"featured_media":550,"template":"","meta":[],"product_brand":[],"product_cat":[15],"product_tag":[],"class_list":{"0":"post-549","1":"product","2":"type-product","3":"status-publish","4":"has-post-thumbnail","6":"product_cat-ikinci-el-koltuk-takimi","8":"first","9":"instock","10":"sale","11":"shipping-taxable","12":"purchasable","13":"product-type-simple"},"_links":{"self":[{"href":"https:\/\/ikincielkoltuktakimi.com\/esya\/wp-json\/wp\/v2\/product\/549","targetHints":{"allow":["GET"]}}],"collection":[{"href":"https:\/\/ikincielkoltuktakimi.com\/esya\/wp-json\/wp\/v2\/product"}],"about":[{"href":"https:\/\/ikincielkoltuktakimi.com\/esya\/wp-json\/wp\/v2\/types\/product"}],"wp:featuredmedia":[{"embeddable":true,"href":"https:\/\/ikincielkoltuktakimi.com\/esya\/wp-json\/wp\/v2\/media\/550"}],"wp:attachment":[{"href":"https:\/\/ikincielkoltuktakimi.com\/esya\/wp-json\/wp\/v2\/media?parent=549"}],"wp:term":[{"taxonomy":"product_brand","embeddable":true,"href":"https:\/\/ikincielkoltuktakimi.com\/esya\/wp-json\/wp\/v2\/product_brand?post=549"},{"taxonomy":"product_cat","embeddable":true,"href":"https:\/\/ikincielkoltuktakimi.com\/esya\/wp-json\/wp\/v2\/product_cat?post=549"},{"taxonomy":"product_tag","embeddable":true,"href":"https:\/\/ikincielkoltuktakimi.com\/esya\/wp-json\/wp\/v2\/product_tag?post=549"}],"curies":[{"name":"wp","href":"https:\/\/api.w.org\/{rel}","templated":true}]}}