{"id":558,"date":"2025-11-09T20:30:39","date_gmt":"2025-11-09T17:30:39","guid":{"rendered":"https:\/\/ikincielkoltuktakimi.com\/esya\/?post_type=product&#038;p=558"},"modified":"2025-11-09T20:30:39","modified_gmt":"2025-11-09T17:30:39","slug":"ikinci-el-uclu-mekanizmali-uclu-koltuk-kanepe-kahverengi","status":"publish","type":"product","link":"https:\/\/ikincielkoltuktakimi.com\/esya\/urun\/ikinci-el-uclu-mekanizmali-uclu-koltuk-kanepe-kahverengi\/","title":{"rendered":"ikinci el \u00dc\u00e7l\u00fc Mekanizmal\u0131 \u00dc\u00e7l\u00fc Koltuk Kanepe Kahverengi"},"content":{"rendered":"","protected":false},"excerpt":{"rendered":"<p>ikinci el \u00dc\u00e7l\u00fc Mekanizmal\u0131 \u00dc\u00e7l\u00fc Koltuk Kanepe Kahverengi Mekanizmal\u0131 3&#8217;l\u00fc koltuk alternatifleri ise oturma eyleminin yan\u0131nda farkl\u0131 bir\u00e7ok ama\u00e7 i\u00e7in \u0130stikbal kanepe koltuk modelleri ve \u00e7ekyat fiyatlar\u0131 ile evinize konfor ve \u015f\u0131kl\u0131k kat\u0131n! Yatakl\u0131 kanepe, tekli kullan\u0131labilmesi a\u00e7\u0131s\u0131ndan b\u00fcy\u00fck \u00f6neme sahiptir.<\/p>\n","protected":false},"featured_media":559,"template":"","meta":[],"product_brand":[],"product_cat":[15],"product_tag":[],"class_list":{"0":"post-558","1":"product","2":"type-product","3":"status-publish","4":"has-post-thumbnail","6":"product_cat-ikinci-el-koltuk-takimi","8":"first","9":"instock","10":"sale","11":"shipping-taxable","12":"purchasable","13":"product-type-simple"},"_links":{"self":[{"href":"https:\/\/ikincielkoltuktakimi.com\/esya\/wp-json\/wp\/v2\/product\/558","targetHints":{"allow":["GET"]}}],"collection":[{"href":"https:\/\/ikincielkoltuktakimi.com\/esya\/wp-json\/wp\/v2\/product"}],"about":[{"href":"https:\/\/ikincielkoltuktakimi.com\/esya\/wp-json\/wp\/v2\/types\/product"}],"wp:featuredmedia":[{"embeddable":true,"href":"https:\/\/ikincielkoltuktakimi.com\/esya\/wp-json\/wp\/v2\/media\/559"}],"wp:attachment":[{"href":"https:\/\/ikincielkoltuktakimi.com\/esya\/wp-json\/wp\/v2\/media?parent=558"}],"wp:term":[{"taxonomy":"product_brand","embeddable":true,"href":"https:\/\/ikincielkoltuktakimi.com\/esya\/wp-json\/wp\/v2\/product_brand?post=558"},{"taxonomy":"product_cat","embeddable":true,"href":"https:\/\/ikincielkoltuktakimi.com\/esya\/wp-json\/wp\/v2\/product_cat?post=558"},{"taxonomy":"product_tag","embeddable":true,"href":"https:\/\/ikincielkoltuktakimi.com\/esya\/wp-json\/wp\/v2\/product_tag?post=558"}],"curies":[{"name":"wp","href":"https:\/\/api.w.org\/{rel}","templated":true}]}}